{"id":12756,"date":"2026-04-28T16:03:19","date_gmt":"2026-04-28T20:03:19","guid":{"rendered":"https:\/\/www.liomarmedical.com\/?post_type=product&#038;p=12756"},"modified":"2026-04-28T16:05:16","modified_gmt":"2026-04-28T20:05:16","slug":"chaise-daisance-bariatrique-dallas","status":"publish","type":"product","link":"https:\/\/www.liomarmedical.com\/fr\/produit\/chaise-daisance-bariatrique-dallas\/","title":{"rendered":"Chaise d&rsquo;aisance bariatrique Dallas"},"content":{"rendered":"<p>La chaise d&rsquo;aisance bariatrique Dallas est con\u00e7ue pour les r\u00e9alit\u00e9s exigeantes des soins bariatriques, combinant une capacit\u00e9 de charge de 200 kg (440 lb) aux caract\u00e9ristiques ergonomiques n\u00e9cessaires pour des routines d&rsquo;hygi\u00e8ne s\u00fbres et confortables. Les appuis-bras pivotants permettent des transferts lat\u00e9raux simples depuis un lit ou un fauteuil roulant, r\u00e9duisant les risques de manipulation manuelle pour les soignants tout en pr\u00e9servant la dignit\u00e9 du patient.<\/p>\n<p>Le large si\u00e8ge rembourr\u00e9 en PUR comprend une ouverture hygi\u00e9nique et un seau amovible, ce qui rend la Dallas adapt\u00e9e \u00e0 la fois pour la douche et la toilette. Le dossier ergonomique rembourr\u00e9 en PUR offre soutien et confort aux patients n\u00e9cessitant une assise prolong\u00e9e pendant les soins. Les pattes r\u00e9glables en hauteur et les appuis-bras amovibles permettent de configurer la chaise pour diff\u00e9rents patients et environnements de soins.<\/p>\n<p>Les mat\u00e9riaux durables et r\u00e9sistants \u00e0 l&rsquo;eau permettent un nettoyage en profondeur et un contr\u00f4le des infections entre les utilisations. La chaise d&rsquo;aisance Dallas est un \u00e9quipement essentiel pour tout \u00e9tablissement fournissant des soins d&rsquo;hygi\u00e8ne bariatriques. Disponible partout au Canada par l&rsquo;entremise de LIOMAR Medical.<\/p>\n","protected":false},"excerpt":{"rendered":"<p>La chaise d&rsquo;aisance bariatrique Dallas supporte les patients jusqu&rsquo;\u00e0 200 kg (440 lb) avec un si\u00e8ge rembourr\u00e9 en PUR, des appuis-bras pivotants pour les transferts lat\u00e9raux et un dossier ergonomique \u2014 con\u00e7ue pour des soins d&rsquo;hygi\u00e8ne dignes et s\u00e9curitaires.<\/p>\n","protected":false},"featured_media":12065,"comment_status":"closed","ping_status":"closed","template":"","meta":{"_acf_changed":false,"site-sidebar-layout":"default","site-content-layout":"","ast-site-content-layout":"default","site-content-style":"default","site-sidebar-style":"default","ast-global-header-display":"","ast-banner-title-visibility":"","ast-main-header-display":"","ast-hfb-above-header-display":"","ast-hfb-below-header-display":"","ast-hfb-mobile-header-display":"","site-post-title":"","ast-breadcrumbs-content":"","ast-featured-img":"","footer-sml-layout":"","ast-disable-related-posts":"","theme-transparent-header-meta":"default","adv-header-id-meta":"","stick-header-meta":"default","header-above-stick-meta":"","header-main-stick-meta":"","header-below-stick-meta":"","astra-migrate-meta-layouts":"default","ast-page-background-enabled":"default","ast-page-background-meta":{"desktop":{"background-color":"","background-image":"","background-repeat":"repeat","background-position":"center center","background-size":"auto","background-attachment":"scroll","background-type":"","background-media":"","overlay-type":"","overlay-color":"","overlay-opacity":"","overlay-gradient":""},"tablet":{"background-color":"","background-image":"","background-repeat":"repeat","background-position":"center center","background-size":"auto","background-attachment":"scroll","background-type":"","background-media":"","overlay-type":"","overlay-color":"","overlay-opacity":"","overlay-gradient":""},"mobile":{"background-color":"","background-image":"","background-repeat":"repeat","background-position":"center center","background-size":"auto","background-attachment":"scroll","background-type":"","background-media":"","overlay-type":"","overlay-color":"","overlay-opacity":"","overlay-gradient":""}},"ast-content-background-meta":{"desktop":{"background-color":"var(--ast-global-color-5)","background-image":"","background-repeat":"repeat","background-position":"center center","background-size":"auto","background-attachment":"scroll","background-type":"","background-media":"","overlay-type":"","overlay-color":"","overlay-opacity":"","overlay-gradient":""},"tablet":{"background-color":"var(--ast-global-color-5)","background-image":"","background-repeat":"repeat","background-position":"center center","background-size":"auto","background-attachment":"scroll","background-type":"","background-media":"","overlay-type":"","overlay-color":"","overlay-opacity":"","overlay-gradient":""},"mobile":{"background-color":"var(--ast-global-color-5)","background-image":"","background-repeat":"repeat","background-position":"center center","background-size":"auto","background-attachment":"scroll","background-type":"","background-media":"","overlay-type":"","overlay-color":"","overlay-opacity":"","overlay-gradient":""}}},"brand":[236],"product_brand":[],"product_cat":[427,424,426],"product_tag":[],"class_list":{"0":"post-12756","1":"product","2":"type-product","3":"status-publish","4":"has-post-thumbnail","6":"brand-tr-equipment","7":"product_cat-aides-a-la-salle-de-bain","8":"product_cat-chaises-de-douche","9":"product_cat-produits","10":"desktop-align-left","11":"tablet-align-left","12":"mobile-align-left","14":"first","15":"instock","16":"product-type-simple"},"acf":[],"_links":{"self":[{"href":"https:\/\/www.liomarmedical.com\/fr\/wp-json\/wp\/v2\/product\/12756","targetHints":{"allow":["GET"]}}],"collection":[{"href":"https:\/\/www.liomarmedical.com\/fr\/wp-json\/wp\/v2\/product"}],"about":[{"href":"https:\/\/www.liomarmedical.com\/fr\/wp-json\/wp\/v2\/types\/product"}],"replies":[{"embeddable":true,"href":"https:\/\/www.liomarmedical.com\/fr\/wp-json\/wp\/v2\/comments?post=12756"}],"wp:featuredmedia":[{"embeddable":true,"href":"https:\/\/www.liomarmedical.com\/fr\/wp-json\/wp\/v2\/media\/12065"}],"wp:attachment":[{"href":"https:\/\/www.liomarmedical.com\/fr\/wp-json\/wp\/v2\/media?parent=12756"}],"wp:term":[{"taxonomy":"brand","embeddable":true,"href":"https:\/\/www.liomarmedical.com\/fr\/wp-json\/wp\/v2\/brand?post=12756"},{"taxonomy":"product_brand","embeddable":true,"href":"https:\/\/www.liomarmedical.com\/fr\/wp-json\/wp\/v2\/product_brand?post=12756"},{"taxonomy":"product_cat","embeddable":true,"href":"https:\/\/www.liomarmedical.com\/fr\/wp-json\/wp\/v2\/product_cat?post=12756"},{"taxonomy":"product_tag","embeddable":true,"href":"https:\/\/www.liomarmedical.com\/fr\/wp-json\/wp\/v2\/product_tag?post=12756"}],"curies":[{"name":"wp","href":"https:\/\/api.w.org\/{rel}","templated":true}]}}