{"id":12739,"date":"2026-04-28T16:03:13","date_gmt":"2026-04-28T20:03:13","guid":{"rendered":"https:\/\/www.liomarmedical.com\/?post_type=product&#038;p=12739"},"modified":"2026-04-28T16:05:23","modified_gmt":"2026-04-28T20:05:23","slug":"balance-fold-roll-pour-fauteuil-roulant-mx480","status":"publish","type":"product","link":"https:\/\/www.liomarmedical.com\/fr\/produit\/balance-fold-roll-pour-fauteuil-roulant-mx480\/","title":{"rendered":"Balance Fold &amp; Roll pour fauteuil roulant MX480"},"content":{"rendered":"<p>Le Detecto MX480 am\u00e9liore la plateforme de balance pour fauteuil roulant avec une surface plus grande de 81 \u00d7 86 cm (32 \u00d7 34 po) et une capacit\u00e9 maximale de 450 kg (1 000 lb), le rendant adapt\u00e9 aux utilisateurs de fauteuils roulants bariatriques comme aux patients standards. La console pivotante \u00e0 320\u00b0 et la conception Fold &amp; Roll facilitent l&rsquo;utilisation dans n&rsquo;importe quelle orientation et le rangement compact entre les s\u00e9ances. <\/p>\n<p>Sa polyvalence comme balance pour fauteuil roulant, avec main courante et pour chaise en fait un investissement multifonction pour les \u00e9tablissements n\u00e9cessitant une flexibilit\u00e9 de mesure. Une r\u00e9solution de 0,05 kg (0,1 lb) assure une pr\u00e9cision de qualit\u00e9 clinique sur toute la plage de poids. La gestion de batterie ECO Weigh r\u00e9duit la fr\u00e9quence de remplacement dans les milieux \u00e0 fort volume.  <\/p>\n<p>Distribu\u00e9 au Canada par LIOMAR Medical.<\/p>\n","protected":false},"excerpt":{"rendered":"<p>La balance Fold &amp; Roll Detecto MX480 pour fauteuil roulant offre une plateforme de 81 \u00d7 86 cm (32 \u00d7 34 po) et une capacit\u00e9 allant jusqu&rsquo;\u00e0 450 kg (1 000 lb), avec une console pivotante \u00e0 320\u00b0 et la portabilit\u00e9 Fold &amp; Roll \u2014 servant de balance pour fauteuil roulant, avec main courante ou pour chaise, pour diverses populations de patients.<\/p>\n","protected":false},"featured_media":11813,"comment_status":"closed","ping_status":"closed","template":"","meta":{"_acf_changed":false,"site-sidebar-layout":"default","site-content-layout":"","ast-site-content-layout":"default","site-content-style":"default","site-sidebar-style":"default","ast-global-header-display":"","ast-banner-title-visibility":"","ast-main-header-display":"","ast-hfb-above-header-display":"","ast-hfb-below-header-display":"","ast-hfb-mobile-header-display":"","site-post-title":"","ast-breadcrumbs-content":"","ast-featured-img":"","footer-sml-layout":"","ast-disable-related-posts":"","theme-transparent-header-meta":"default","adv-header-id-meta":"","stick-header-meta":"default","header-above-stick-meta":"","header-main-stick-meta":"","header-below-stick-meta":"","astra-migrate-meta-layouts":"default","ast-page-background-enabled":"default","ast-page-background-meta":{"desktop":{"background-color":"","background-image":"","background-repeat":"repeat","background-position":"center center","background-size":"auto","background-attachment":"scroll","background-type":"","background-media":"","overlay-type":"","overlay-color":"","overlay-opacity":"","overlay-gradient":""},"tablet":{"background-color":"","background-image":"","background-repeat":"repeat","background-position":"center center","background-size":"auto","background-attachment":"scroll","background-type":"","background-media":"","overlay-type":"","overlay-color":"","overlay-opacity":"","overlay-gradient":""},"mobile":{"background-color":"","background-image":"","background-repeat":"repeat","background-position":"center center","background-size":"auto","background-attachment":"scroll","background-type":"","background-media":"","overlay-type":"","overlay-color":"","overlay-opacity":"","overlay-gradient":""}},"ast-content-background-meta":{"desktop":{"background-color":"var(--ast-global-color-5)","background-image":"","background-repeat":"repeat","background-position":"center center","background-size":"auto","background-attachment":"scroll","background-type":"","background-media":"","overlay-type":"","overlay-color":"","overlay-opacity":"","overlay-gradient":""},"tablet":{"background-color":"var(--ast-global-color-5)","background-image":"","background-repeat":"repeat","background-position":"center center","background-size":"auto","background-attachment":"scroll","background-type":"","background-media":"","overlay-type":"","overlay-color":"","overlay-opacity":"","overlay-gradient":""},"mobile":{"background-color":"var(--ast-global-color-5)","background-image":"","background-repeat":"repeat","background-position":"center center","background-size":"auto","background-attachment":"scroll","background-type":"","background-media":"","overlay-type":"","overlay-color":"","overlay-opacity":"","overlay-gradient":""}},"_metasync_otto_title":"","_metasync_otto_description":"","_metasync_otto_keywords":"","_metasync_otto_og_title":"","_metasync_otto_og_description":"","_metasync_otto_twitter_title":"","_metasync_otto_twitter_description":"","rank_math_title":"Balance pour fauteuil roulant MX480 : Portable par LIOMAR M\u00e9dical","rank_math_description":"Balance pour fauteuil roulant MX480 de LIOMAR M\u00e9dical : une balance portable robuste pour fauteuils roulants, mains courantes ou chaises. Obtenez la v\u00f4tre d\u00e8s aujourd'hui !","_yoast_wpseo_title":"Balance pour fauteuil roulant MX480 : Portable par LIOMAR M\u00e9dical","_yoast_wpseo_metadesc":"Balance pour fauteuil roulant MX480 de LIOMAR M\u00e9dical : une balance portable robuste pour fauteuils roulants, mains courantes ou chaises. Obtenez la v\u00f4tre d\u00e8s aujourd'hui ! ","_aioseo_title":"","_aioseo_description":"","_metasync_seo_title":"Balance pour fauteuil roulant MX480 : Portable par LIOMAR M\u00e9dical","_metasync_seo_desc":"Balance pour fauteuil roulant MX480 de LIOMAR M\u00e9dical : une balance portable robuste pour fauteuils roulants, mains courantes ou chaises. Obtenez la v\u00f4tre d\u00e8s aujourd'hui !","_metasync_breadcrumb_title":"","_metasync_primary_category":0,"_metasync_primary_product_cat":0,"_metasync_otto_disabled":"","_metasync_hreflang":"","_metasync_plugin_sync_ts":"{\"rankmath\":\"2026-05-07T13:22:28+00:00\"}","_metasync_robots_advanced":""},"brand":[238],"product_brand":[],"product_cat":[477,472,426],"product_tag":[],"class_list":{"0":"post-12739","1":"product","2":"type-product","3":"status-publish","4":"has-post-thumbnail","6":"brand-capsa-healthcare","7":"product_cat-fauteuils-roulant","8":"product_cat-balance-medicales","9":"product_cat-produits","10":"desktop-align-left","11":"tablet-align-left","12":"mobile-align-left","14":"first","15":"instock","16":"product-type-simple"},"acf":[],"_links":{"self":[{"href":"https:\/\/www.liomarmedical.com\/fr\/wp-json\/wp\/v2\/product\/12739","targetHints":{"allow":["GET"]}}],"collection":[{"href":"https:\/\/www.liomarmedical.com\/fr\/wp-json\/wp\/v2\/product"}],"about":[{"href":"https:\/\/www.liomarmedical.com\/fr\/wp-json\/wp\/v2\/types\/product"}],"replies":[{"embeddable":true,"href":"https:\/\/www.liomarmedical.com\/fr\/wp-json\/wp\/v2\/comments?post=12739"}],"wp:featuredmedia":[{"embeddable":true,"href":"https:\/\/www.liomarmedical.com\/fr\/wp-json\/wp\/v2\/media\/11813"}],"wp:attachment":[{"href":"https:\/\/www.liomarmedical.com\/fr\/wp-json\/wp\/v2\/media?parent=12739"}],"wp:term":[{"taxonomy":"brand","embeddable":true,"href":"https:\/\/www.liomarmedical.com\/fr\/wp-json\/wp\/v2\/brand?post=12739"},{"taxonomy":"product_brand","embeddable":true,"href":"https:\/\/www.liomarmedical.com\/fr\/wp-json\/wp\/v2\/product_brand?post=12739"},{"taxonomy":"product_cat","embeddable":true,"href":"https:\/\/www.liomarmedical.com\/fr\/wp-json\/wp\/v2\/product_cat?post=12739"},{"taxonomy":"product_tag","embeddable":true,"href":"https:\/\/www.liomarmedical.com\/fr\/wp-json\/wp\/v2\/product_tag?post=12739"}],"curies":[{"name":"wp","href":"https:\/\/api.w.org\/{rel}","templated":true}]}}