{"id":12737,"date":"2026-04-28T16:03:01","date_gmt":"2026-04-28T20:03:01","guid":{"rendered":"https:\/\/www.liomarmedical.com\/?post_type=product&#038;p=12737"},"modified":"2026-04-28T16:05:40","modified_gmt":"2026-04-28T20:05:40","slug":"chariot-medical-avalo-woodblend","status":"publish","type":"product","link":"https:\/\/www.liomarmedical.com\/fr\/produit\/chariot-medical-avalo-woodblend\/","title":{"rendered":"Chariot m\u00e9dical Avalo\u00ae Woodblend"},"content":{"rendered":"<p>Le chariot m\u00e9dical Avalo\u00ae Woodblend est con\u00e7u pour les \u00e9tablissements qui ont besoin des performances de la plateforme Avalo de Capsa associ\u00e9es \u00e0 une apparence visuelle plus r\u00e9sidentielle et accueillante. La finition woodblend offre un aspect chaleureux de style meuble qui s&rsquo;int\u00e8gre naturellement dans les environnements de soins de longue dur\u00e9e, de r\u00e9adaptation et de r\u00e9sidences pour a\u00een\u00e9s, sans sacrifier la construction de qualit\u00e9 clinique pour laquelle Avalo est reconnu.<\/p>\n<p>Le cadre en acier soud\u00e9 avec pr\u00e9cision, les fa\u00e7ades de tiroirs sans joint, le verrou int\u00e9gr\u00e9 et les surfaces non poreuses offrent la durabilit\u00e9 et la conformit\u00e9 au contr\u00f4le des infections attendues d&rsquo;un chariot m\u00e9dical professionnel. Couvert par la garantie limit\u00e9e de 10 ans de Capsa Healthcare.<\/p>\n<p>Distribu\u00e9 partout au Canada par LIOMAR Medical.<\/p>\n","protected":false},"excerpt":{"rendered":"<p>Le chariot m\u00e9dical Avalo\u00ae Woodblend allie la fiabilit\u00e9 et la performance clinique de la plateforme Avalo \u00e0 une finition woodblend chaleureuse \u2014 offrant la durabilit\u00e9 que les \u00e9quipes soignantes attendent, associ\u00e9e \u00e0 une esth\u00e9tique qui compl\u00e8te les environnements de soins centr\u00e9s sur le patient dans les milieux de soins de longue dur\u00e9e et de r\u00e9adaptation.<\/p>\n","protected":false},"featured_media":12003,"comment_status":"closed","ping_status":"closed","template":"","meta":{"_acf_changed":false,"site-sidebar-layout":"default","site-content-layout":"","ast-site-content-layout":"default","site-content-style":"default","site-sidebar-style":"default","ast-global-header-display":"","ast-banner-title-visibility":"","ast-main-header-display":"","ast-hfb-above-header-display":"","ast-hfb-below-header-display":"","ast-hfb-mobile-header-display":"","site-post-title":"","ast-breadcrumbs-content":"","ast-featured-img":"","footer-sml-layout":"","ast-disable-related-posts":"","theme-transparent-header-meta":"default","adv-header-id-meta":"","stick-header-meta":"default","header-above-stick-meta":"","header-main-stick-meta":"","header-below-stick-meta":"","astra-migrate-meta-layouts":"default","ast-page-background-enabled":"default","ast-page-background-meta":{"desktop":{"background-color":"","background-image":"","background-repeat":"repeat","background-position":"center center","background-size":"auto","background-attachment":"scroll","background-type":"","background-media":"","overlay-type":"","overlay-color":"","overlay-opacity":"","overlay-gradient":""},"tablet":{"background-color":"","background-image":"","background-repeat":"repeat","background-position":"center center","background-size":"auto","background-attachment":"scroll","background-type":"","background-media":"","overlay-type":"","overlay-color":"","overlay-opacity":"","overlay-gradient":""},"mobile":{"background-color":"","background-image":"","background-repeat":"repeat","background-position":"center center","background-size":"auto","background-attachment":"scroll","background-type":"","background-media":"","overlay-type":"","overlay-color":"","overlay-opacity":"","overlay-gradient":""}},"ast-content-background-meta":{"desktop":{"background-color":"var(--ast-global-color-5)","background-image":"","background-repeat":"repeat","background-position":"center center","background-size":"auto","background-attachment":"scroll","background-type":"","background-media":"","overlay-type":"","overlay-color":"","overlay-opacity":"","overlay-gradient":""},"tablet":{"background-color":"var(--ast-global-color-5)","background-image":"","background-repeat":"repeat","background-position":"center center","background-size":"auto","background-attachment":"scroll","background-type":"","background-media":"","overlay-type":"","overlay-color":"","overlay-opacity":"","overlay-gradient":""},"mobile":{"background-color":"var(--ast-global-color-5)","background-image":"","background-repeat":"repeat","background-position":"center center","background-size":"auto","background-attachment":"scroll","background-type":"","background-media":"","overlay-type":"","overlay-color":"","overlay-opacity":"","overlay-gradient":""}},"_metasync_otto_title":"","_metasync_otto_description":"","_metasync_otto_keywords":"","_metasync_otto_og_title":"","_metasync_otto_og_description":"","_metasync_otto_twitter_title":"","_metasync_otto_twitter_description":"","rank_math_title":"Chariot m\u00e9dical Avalo Woodblend | LIOMAR M\u00e9dical","rank_math_description":"","_yoast_wpseo_title":"Chariot m\u00e9dical Avalo Woodblend | LIOMAR M\u00e9dical","_yoast_wpseo_metadesc":"","_aioseo_title":"","_aioseo_description":"","_metasync_seo_title":"Chariot m\u00e9dical Avalo Woodblend | LIOMAR M\u00e9dical","_metasync_seo_desc":"","_metasync_breadcrumb_title":"","_metasync_primary_category":0,"_metasync_primary_product_cat":0,"_metasync_otto_disabled":"","_metasync_hreflang":"","_metasync_plugin_sync_ts":"{\"rankmath\":\"2026-05-07T13:22:27+00:00\"}","_metasync_robots_advanced":""},"brand":[238],"product_brand":[],"product_cat":[470,426],"product_tag":[],"class_list":{"0":"post-12737","1":"product","2":"type-product","3":"status-publish","4":"has-post-thumbnail","6":"brand-capsa-healthcare","7":"product_cat-chariots-medicaux","8":"product_cat-produits","9":"desktop-align-left","10":"tablet-align-left","11":"mobile-align-left","13":"first","14":"instock","15":"product-type-simple"},"acf":[],"_links":{"self":[{"href":"https:\/\/www.liomarmedical.com\/fr\/wp-json\/wp\/v2\/product\/12737","targetHints":{"allow":["GET"]}}],"collection":[{"href":"https:\/\/www.liomarmedical.com\/fr\/wp-json\/wp\/v2\/product"}],"about":[{"href":"https:\/\/www.liomarmedical.com\/fr\/wp-json\/wp\/v2\/types\/product"}],"replies":[{"embeddable":true,"href":"https:\/\/www.liomarmedical.com\/fr\/wp-json\/wp\/v2\/comments?post=12737"}],"wp:featuredmedia":[{"embeddable":true,"href":"https:\/\/www.liomarmedical.com\/fr\/wp-json\/wp\/v2\/media\/12003"}],"wp:attachment":[{"href":"https:\/\/www.liomarmedical.com\/fr\/wp-json\/wp\/v2\/media?parent=12737"}],"wp:term":[{"taxonomy":"brand","embeddable":true,"href":"https:\/\/www.liomarmedical.com\/fr\/wp-json\/wp\/v2\/brand?post=12737"},{"taxonomy":"product_brand","embeddable":true,"href":"https:\/\/www.liomarmedical.com\/fr\/wp-json\/wp\/v2\/product_brand?post=12737"},{"taxonomy":"product_cat","embeddable":true,"href":"https:\/\/www.liomarmedical.com\/fr\/wp-json\/wp\/v2\/product_cat?post=12737"},{"taxonomy":"product_tag","embeddable":true,"href":"https:\/\/www.liomarmedical.com\/fr\/wp-json\/wp\/v2\/product_tag?post=12737"}],"curies":[{"name":"wp","href":"https:\/\/api.w.org\/{rel}","templated":true}]}}