{"id":12652,"date":"2026-04-28T16:03:11","date_gmt":"2026-04-28T20:03:11","guid":{"rendered":"https:\/\/www.liomarmedical.com\/?post_type=product&#038;p=12652"},"modified":"2026-04-28T16:05:26","modified_gmt":"2026-04-28T20:05:26","slug":"balance-tilt-roll-mx807","status":"publish","type":"product","link":"https:\/\/www.liomarmedical.com\/fr\/produit\/balance-tilt-roll-mx807\/","title":{"rendered":"Balance Tilt &amp; Roll MX807"},"content":{"rendered":"<p>Le MX807 de Befour enrichit la plateforme de balance Tilt &amp; Roll avec une toise num\u00e9rique int\u00e9gr\u00e9e et un calculateur d&rsquo;IMC, en faisant une station de mesure anthropom\u00e9trique enti\u00e8rement autonome. Les cliniciens peuvent peser, mesurer la taille et calculer l&rsquo;IMC en une seule \u00e9tape, r\u00e9duisant le temps d&rsquo;\u00e9valuation et simplifiant la collecte de donn\u00e9es lors des consultations cliniques charg\u00e9es. <\/p>\n<p>La main courante \u00ab Active \u00bb int\u00e9gr\u00e9e permet aux patients de maintenir leur \u00e9quilibre lors de la pes\u00e9e, tandis que la technologie MotionLock verrouille une lecture de poids pr\u00e9cise. Une fois termin\u00e9e, la balance s&rsquo;incline pour un repositionnement facile vers une autre salle ou un autre d\u00e9partement.  Enti\u00e8rement assembl\u00e9e \u2014 il suffit d&rsquo;ins\u00e9rer les pieds de mise \u00e0 niveau et les piles.<\/p>\n<p>Distribu\u00e9 au Canada par LIOMAR Medical.<\/p>\n","protected":false},"excerpt":{"rendered":"<p>La balance Tilt &amp; Roll Detecto MX807 combine la mesure num\u00e9rique de la taille, le calcul int\u00e9gr\u00e9 de l&rsquo;IMC et une main courante \u00ab Active \u00bb dans un ensemble Tilt &amp; Roll portable \u2014 une station de mesure anthropom\u00e9trique compl\u00e8te et autonome pour les environnements cliniques n\u00e9cessitant mobilit\u00e9 et pr\u00e9cision.<\/p>\n","protected":false},"featured_media":11845,"comment_status":"closed","ping_status":"closed","template":"","meta":{"_acf_changed":false,"site-sidebar-layout":"default","site-content-layout":"","ast-site-content-layout":"default","site-content-style":"default","site-sidebar-style":"default","ast-global-header-display":"","ast-banner-title-visibility":"","ast-main-header-display":"","ast-hfb-above-header-display":"","ast-hfb-below-header-display":"","ast-hfb-mobile-header-display":"","site-post-title":"","ast-breadcrumbs-content":"","ast-featured-img":"","footer-sml-layout":"","ast-disable-related-posts":"","theme-transparent-header-meta":"default","adv-header-id-meta":"","stick-header-meta":"default","header-above-stick-meta":"","header-main-stick-meta":"","header-below-stick-meta":"","astra-migrate-meta-layouts":"default","ast-page-background-enabled":"default","ast-page-background-meta":{"desktop":{"background-color":"","background-image":"","background-repeat":"repeat","background-position":"center center","background-size":"auto","background-attachment":"scroll","background-type":"","background-media":"","overlay-type":"","overlay-color":"","overlay-opacity":"","overlay-gradient":""},"tablet":{"background-color":"","background-image":"","background-repeat":"repeat","background-position":"center center","background-size":"auto","background-attachment":"scroll","background-type":"","background-media":"","overlay-type":"","overlay-color":"","overlay-opacity":"","overlay-gradient":""},"mobile":{"background-color":"","background-image":"","background-repeat":"repeat","background-position":"center center","background-size":"auto","background-attachment":"scroll","background-type":"","background-media":"","overlay-type":"","overlay-color":"","overlay-opacity":"","overlay-gradient":""}},"ast-content-background-meta":{"desktop":{"background-color":"var(--ast-global-color-5)","background-image":"","background-repeat":"repeat","background-position":"center center","background-size":"auto","background-attachment":"scroll","background-type":"","background-media":"","overlay-type":"","overlay-color":"","overlay-opacity":"","overlay-gradient":""},"tablet":{"background-color":"var(--ast-global-color-5)","background-image":"","background-repeat":"repeat","background-position":"center center","background-size":"auto","background-attachment":"scroll","background-type":"","background-media":"","overlay-type":"","overlay-color":"","overlay-opacity":"","overlay-gradient":""},"mobile":{"background-color":"var(--ast-global-color-5)","background-image":"","background-repeat":"repeat","background-position":"center center","background-size":"auto","background-attachment":"scroll","background-type":"","background-media":"","overlay-type":"","overlay-color":"","overlay-opacity":"","overlay-gradient":""}}},"brand":[242],"product_brand":[],"product_cat":[476,472,426],"product_tag":[],"class_list":{"0":"post-12652","1":"product","2":"type-product","3":"status-publish","4":"has-post-thumbnail","6":"brand-befour","7":"product_cat-station-de-mesure","8":"product_cat-balance-medicales","9":"product_cat-produits","10":"desktop-align-left","11":"tablet-align-left","12":"mobile-align-left","14":"first","15":"instock","16":"product-type-simple"},"acf":[],"_links":{"self":[{"href":"https:\/\/www.liomarmedical.com\/fr\/wp-json\/wp\/v2\/product\/12652","targetHints":{"allow":["GET"]}}],"collection":[{"href":"https:\/\/www.liomarmedical.com\/fr\/wp-json\/wp\/v2\/product"}],"about":[{"href":"https:\/\/www.liomarmedical.com\/fr\/wp-json\/wp\/v2\/types\/product"}],"replies":[{"embeddable":true,"href":"https:\/\/www.liomarmedical.com\/fr\/wp-json\/wp\/v2\/comments?post=12652"}],"wp:featuredmedia":[{"embeddable":true,"href":"https:\/\/www.liomarmedical.com\/fr\/wp-json\/wp\/v2\/media\/11845"}],"wp:attachment":[{"href":"https:\/\/www.liomarmedical.com\/fr\/wp-json\/wp\/v2\/media?parent=12652"}],"wp:term":[{"taxonomy":"brand","embeddable":true,"href":"https:\/\/www.liomarmedical.com\/fr\/wp-json\/wp\/v2\/brand?post=12652"},{"taxonomy":"product_brand","embeddable":true,"href":"https:\/\/www.liomarmedical.com\/fr\/wp-json\/wp\/v2\/product_brand?post=12652"},{"taxonomy":"product_cat","embeddable":true,"href":"https:\/\/www.liomarmedical.com\/fr\/wp-json\/wp\/v2\/product_cat?post=12652"},{"taxonomy":"product_tag","embeddable":true,"href":"https:\/\/www.liomarmedical.com\/fr\/wp-json\/wp\/v2\/product_tag?post=12652"}],"curies":[{"name":"wp","href":"https:\/\/api.w.org\/{rel}","templated":true}]}}