{"id":12649,"date":"2026-04-28T16:03:12","date_gmt":"2026-04-28T20:03:12","guid":{"rendered":"https:\/\/www.liomarmedical.com\/?post_type=product&#038;p=12649"},"modified":"2026-04-28T16:05:24","modified_gmt":"2026-04-28T20:05:24","slug":"station-de-mesure-mx808x","status":"publish","type":"product","link":"https:\/\/www.liomarmedical.com\/fr\/produit\/station-de-mesure-mx808x\/","title":{"rendered":"Station de mesure Mx808x"},"content":{"rendered":"<p>La station de mesure Mx808x de Befour \u00e9limine le besoin d&rsquo;appareils de pes\u00e9e et de mesure de taille distincts, combinant les deux fonctions en un seul instrument clinique portable. La mesure num\u00e9rique de la taille s&rsquo;active par simple pression d&rsquo;un bouton \u2014 soulevez simplement la pi\u00e8ce de t\u00eate pliable et la taille s&rsquo;affiche automatiquement dans les unit\u00e9s s\u00e9lectionn\u00e9es, sans lecture ni calcul manuel. <\/p>\n<p>La main courante \u00ab Active \u00bb permet aux patients de se tenir fermement pendant le calcul du poids, am\u00e9liorant la s\u00e9curit\u00e9 pour ceux qui ont des probl\u00e8mes d&rsquo;\u00e9quilibre. La conception Tilt &amp; Roll permet le repositionnement entre les chambres de patients et les services, tandis que la technologie MotionLock assure des lectures de poids stables et pr\u00e9cises. Construite avec une robuste construction enti\u00e8rement en aluminium non corrosif ne pesant que 17 lb.  <\/p>\n<p>Distribu\u00e9 au Canada par LIOMAR Medical.<\/p>\n","protected":false},"excerpt":{"rendered":"<p>La station de mesure Mx808x de Detecto combine la mesure num\u00e9rique de la taille et la capture pr\u00e9cise du poids dans un ensemble Tilt &amp; Roll \u2014 avec une main courante \u00ab Active \u00bb int\u00e9gr\u00e9e, la pr\u00e9cision MotionLock et une tige de taille pliable qui s&rsquo;active par simple pression d&rsquo;un bouton.<\/p>\n","protected":false},"featured_media":11841,"comment_status":"closed","ping_status":"closed","template":"","meta":{"_acf_changed":false,"site-sidebar-layout":"default","site-content-layout":"","ast-site-content-layout":"default","site-content-style":"default","site-sidebar-style":"default","ast-global-header-display":"","ast-banner-title-visibility":"","ast-main-header-display":"","ast-hfb-above-header-display":"","ast-hfb-below-header-display":"","ast-hfb-mobile-header-display":"","site-post-title":"","ast-breadcrumbs-content":"","ast-featured-img":"","footer-sml-layout":"","ast-disable-related-posts":"","theme-transparent-header-meta":"default","adv-header-id-meta":"","stick-header-meta":"default","header-above-stick-meta":"","header-main-stick-meta":"","header-below-stick-meta":"","astra-migrate-meta-layouts":"default","ast-page-background-enabled":"default","ast-page-background-meta":{"desktop":{"background-color":"","background-image":"","background-repeat":"repeat","background-position":"center center","background-size":"auto","background-attachment":"scroll","background-type":"","background-media":"","overlay-type":"","overlay-color":"","overlay-opacity":"","overlay-gradient":""},"tablet":{"background-color":"","background-image":"","background-repeat":"repeat","background-position":"center center","background-size":"auto","background-attachment":"scroll","background-type":"","background-media":"","overlay-type":"","overlay-color":"","overlay-opacity":"","overlay-gradient":""},"mobile":{"background-color":"","background-image":"","background-repeat":"repeat","background-position":"center center","background-size":"auto","background-attachment":"scroll","background-type":"","background-media":"","overlay-type":"","overlay-color":"","overlay-opacity":"","overlay-gradient":""}},"ast-content-background-meta":{"desktop":{"background-color":"var(--ast-global-color-5)","background-image":"","background-repeat":"repeat","background-position":"center center","background-size":"auto","background-attachment":"scroll","background-type":"","background-media":"","overlay-type":"","overlay-color":"","overlay-opacity":"","overlay-gradient":""},"tablet":{"background-color":"var(--ast-global-color-5)","background-image":"","background-repeat":"repeat","background-position":"center center","background-size":"auto","background-attachment":"scroll","background-type":"","background-media":"","overlay-type":"","overlay-color":"","overlay-opacity":"","overlay-gradient":""},"mobile":{"background-color":"var(--ast-global-color-5)","background-image":"","background-repeat":"repeat","background-position":"center center","background-size":"auto","background-attachment":"scroll","background-type":"","background-media":"","overlay-type":"","overlay-color":"","overlay-opacity":"","overlay-gradient":""}}},"brand":[242],"product_brand":[],"product_cat":[472,426,476],"product_tag":[],"class_list":{"0":"post-12649","1":"product","2":"type-product","3":"status-publish","4":"has-post-thumbnail","6":"brand-befour","7":"product_cat-balance-medicales","8":"product_cat-produits","9":"product_cat-station-de-mesure","10":"desktop-align-left","11":"tablet-align-left","12":"mobile-align-left","14":"first","15":"instock","16":"product-type-simple"},"acf":[],"_links":{"self":[{"href":"https:\/\/www.liomarmedical.com\/fr\/wp-json\/wp\/v2\/product\/12649","targetHints":{"allow":["GET"]}}],"collection":[{"href":"https:\/\/www.liomarmedical.com\/fr\/wp-json\/wp\/v2\/product"}],"about":[{"href":"https:\/\/www.liomarmedical.com\/fr\/wp-json\/wp\/v2\/types\/product"}],"replies":[{"embeddable":true,"href":"https:\/\/www.liomarmedical.com\/fr\/wp-json\/wp\/v2\/comments?post=12649"}],"wp:featuredmedia":[{"embeddable":true,"href":"https:\/\/www.liomarmedical.com\/fr\/wp-json\/wp\/v2\/media\/11841"}],"wp:attachment":[{"href":"https:\/\/www.liomarmedical.com\/fr\/wp-json\/wp\/v2\/media?parent=12649"}],"wp:term":[{"taxonomy":"brand","embeddable":true,"href":"https:\/\/www.liomarmedical.com\/fr\/wp-json\/wp\/v2\/brand?post=12649"},{"taxonomy":"product_brand","embeddable":true,"href":"https:\/\/www.liomarmedical.com\/fr\/wp-json\/wp\/v2\/product_brand?post=12649"},{"taxonomy":"product_cat","embeddable":true,"href":"https:\/\/www.liomarmedical.com\/fr\/wp-json\/wp\/v2\/product_cat?post=12649"},{"taxonomy":"product_tag","embeddable":true,"href":"https:\/\/www.liomarmedical.com\/fr\/wp-json\/wp\/v2\/product_tag?post=12649"}],"curies":[{"name":"wp","href":"https:\/\/api.w.org\/{rel}","templated":true}]}}