{"id":12641,"date":"2026-04-28T16:03:10","date_gmt":"2026-04-28T20:03:10","guid":{"rendered":"https:\/\/www.liomarmedical.com\/?post_type=product&#038;p=12641"},"modified":"2026-04-28T16:05:27","modified_gmt":"2026-04-28T20:05:27","slug":"station-de-mesure-mx910-opti-height","status":"publish","type":"product","link":"https:\/\/www.liomarmedical.com\/fr\/produit\/station-de-mesure-mx910-opti-height\/","title":{"rendered":"Station de mesure MX910 Opti-Height"},"content":{"rendered":"<p>La MX910 de Detecto repr\u00e9sente le summum de la plateforme de mesure MX Opti-Height, combinant la d\u00e9tection optique de la taille, la pr\u00e9cision de pes\u00e9e MotionLock, une main courante enveloppante robuste et la mobilit\u00e9 Tilt &amp; Roll en un seul instrument clinique. La technologie Smart Position guide les cliniciens vers un positionnement optimal du patient, am\u00e9liorant la coh\u00e9rence entre les diff\u00e9rents membres du personnel utilisant la m\u00eame balance. <\/p>\n<p>La main courante enveloppante offre un espacement de 25 po et soutient fermement les patients sans obstruer le placement des pieds. Opti-Height fournit des mesures de taille instantan\u00e9es et automatiques sans ajustement manuel de tige. Les fonctions de calcul d&rsquo;IMC, de verrouillage LB\/KG, de mise \u00e0 z\u00e9ro auto et de rappel offrent une capacit\u00e9 de mesure compl\u00e8te en un seul flux de travail efficace.  <\/p>\n<p>Distribu\u00e9 au Canada par LIOMAR Medical.<\/p>\n","protected":false},"excerpt":{"rendered":"<p>La station de mesure MX910 Opti-Height de Detecto associe la d\u00e9tection optique de la taille \u00e0 une main courante enveloppante robuste, la mobilit\u00e9 Tilt &amp; Roll et la technologie Smart Position \u2014 la balance la plus compl\u00e8te de la gamme MX pour les environnements cliniques \u00e0 haute demande.<\/p>\n","protected":false},"featured_media":11851,"comment_status":"closed","ping_status":"closed","template":"","meta":{"_acf_changed":false,"site-sidebar-layout":"default","site-content-layout":"","ast-site-content-layout":"default","site-content-style":"default","site-sidebar-style":"default","ast-global-header-display":"","ast-banner-title-visibility":"","ast-main-header-display":"","ast-hfb-above-header-display":"","ast-hfb-below-header-display":"","ast-hfb-mobile-header-display":"","site-post-title":"","ast-breadcrumbs-content":"","ast-featured-img":"","footer-sml-layout":"","ast-disable-related-posts":"","theme-transparent-header-meta":"default","adv-header-id-meta":"","stick-header-meta":"default","header-above-stick-meta":"","header-main-stick-meta":"","header-below-stick-meta":"","astra-migrate-meta-layouts":"default","ast-page-background-enabled":"default","ast-page-background-meta":{"desktop":{"background-color":"","background-image":"","background-repeat":"repeat","background-position":"center center","background-size":"auto","background-attachment":"scroll","background-type":"","background-media":"","overlay-type":"","overlay-color":"","overlay-opacity":"","overlay-gradient":""},"tablet":{"background-color":"","background-image":"","background-repeat":"repeat","background-position":"center center","background-size":"auto","background-attachment":"scroll","background-type":"","background-media":"","overlay-type":"","overlay-color":"","overlay-opacity":"","overlay-gradient":""},"mobile":{"background-color":"","background-image":"","background-repeat":"repeat","background-position":"center center","background-size":"auto","background-attachment":"scroll","background-type":"","background-media":"","overlay-type":"","overlay-color":"","overlay-opacity":"","overlay-gradient":""}},"ast-content-background-meta":{"desktop":{"background-color":"var(--ast-global-color-5)","background-image":"","background-repeat":"repeat","background-position":"center center","background-size":"auto","background-attachment":"scroll","background-type":"","background-media":"","overlay-type":"","overlay-color":"","overlay-opacity":"","overlay-gradient":""},"tablet":{"background-color":"var(--ast-global-color-5)","background-image":"","background-repeat":"repeat","background-position":"center center","background-size":"auto","background-attachment":"scroll","background-type":"","background-media":"","overlay-type":"","overlay-color":"","overlay-opacity":"","overlay-gradient":""},"mobile":{"background-color":"var(--ast-global-color-5)","background-image":"","background-repeat":"repeat","background-position":"center center","background-size":"auto","background-attachment":"scroll","background-type":"","background-media":"","overlay-type":"","overlay-color":"","overlay-opacity":"","overlay-gradient":""}}},"brand":[242],"product_brand":[],"product_cat":[476,472,426],"product_tag":[],"class_list":{"0":"post-12641","1":"product","2":"type-product","3":"status-publish","4":"has-post-thumbnail","6":"brand-befour","7":"product_cat-station-de-mesure","8":"product_cat-balance-medicales","9":"product_cat-produits","10":"desktop-align-left","11":"tablet-align-left","12":"mobile-align-left","14":"first","15":"instock","16":"product-type-simple"},"acf":[],"_links":{"self":[{"href":"https:\/\/www.liomarmedical.com\/fr\/wp-json\/wp\/v2\/product\/12641","targetHints":{"allow":["GET"]}}],"collection":[{"href":"https:\/\/www.liomarmedical.com\/fr\/wp-json\/wp\/v2\/product"}],"about":[{"href":"https:\/\/www.liomarmedical.com\/fr\/wp-json\/wp\/v2\/types\/product"}],"replies":[{"embeddable":true,"href":"https:\/\/www.liomarmedical.com\/fr\/wp-json\/wp\/v2\/comments?post=12641"}],"wp:featuredmedia":[{"embeddable":true,"href":"https:\/\/www.liomarmedical.com\/fr\/wp-json\/wp\/v2\/media\/11851"}],"wp:attachment":[{"href":"https:\/\/www.liomarmedical.com\/fr\/wp-json\/wp\/v2\/media?parent=12641"}],"wp:term":[{"taxonomy":"brand","embeddable":true,"href":"https:\/\/www.liomarmedical.com\/fr\/wp-json\/wp\/v2\/brand?post=12641"},{"taxonomy":"product_brand","embeddable":true,"href":"https:\/\/www.liomarmedical.com\/fr\/wp-json\/wp\/v2\/product_brand?post=12641"},{"taxonomy":"product_cat","embeddable":true,"href":"https:\/\/www.liomarmedical.com\/fr\/wp-json\/wp\/v2\/product_cat?post=12641"},{"taxonomy":"product_tag","embeddable":true,"href":"https:\/\/www.liomarmedical.com\/fr\/wp-json\/wp\/v2\/product_tag?post=12641"}],"curies":[{"name":"wp","href":"https:\/\/api.w.org\/{rel}","templated":true}]}}