{"id":12635,"date":"2026-04-28T16:03:06","date_gmt":"2026-04-28T20:03:06","guid":{"rendered":"https:\/\/www.liomarmedical.com\/?post_type=product&#038;p=12635"},"modified":"2026-04-28T16:05:35","modified_gmt":"2026-04-28T20:05:35","slug":"chaise-de-douche-tr-1000","status":"publish","type":"product","link":"https:\/\/www.liomarmedical.com\/fr\/produit\/chaise-de-douche-tr-1000\/","title":{"rendered":"Chaise de douche TR 1000"},"content":{"rendered":"<p>La chaise de douche TR 1000 est une option d&rsquo;assise de douche fiable et bien con\u00e7ue pour un usage clinique quotidien dans les h\u00f4pitaux, les centres de soins de longue dur\u00e9e et les \u00e9tablissements de r\u00e9adaptation. Le r\u00e9glage de la hauteur permet de configurer la chaise pour le confort du patient et l&rsquo;ergonomie du soignant, r\u00e9duisant ainsi la fatigue posturale lors de l&rsquo;assistance au bain. <\/p>\n<p>Le cadre avec rev\u00eatement par poudrage r\u00e9siste \u00e0 la corrosion dans les environnements humides, tandis que le si\u00e8ge et le dossier r\u00e9sistants \u00e0 l&rsquo;eau peuvent \u00eatre d\u00e9sinfect\u00e9s en profondeur entre les patients. Les appuis-bras ergonomiques offrent aux patients la stabilit\u00e9 dont ils ont besoin lors des transferts et lorsqu&rsquo;ils sont assis sous la douche. Sa conception aux lignes \u00e9pur\u00e9es minimise les zones o\u00f9 l&rsquo;humidit\u00e9 et les d\u00e9bris peuvent s&rsquo;accumuler, favorisant un contr\u00f4le efficace des infections dans les environnements de salles de bain cliniques.  <\/p>\n<p>Distribu\u00e9 partout au Canada par LIOMAR Medical.<\/p>\n","protected":false},"excerpt":{"rendered":"<p>La chaise de douche TR 1000 offre une solution d&rsquo;assise de douche ergonomique r\u00e9glable en hauteur avec un cadre par poudrage, un si\u00e8ge et un dossier r\u00e9sistants \u00e0 l&rsquo;eau, des appuis-bras pour la stabilit\u00e9 du patient et des surfaces faciles \u00e0 nettoyer \u2014 con\u00e7ue pour le contr\u00f4le des infections dans les environnements cliniques achaland\u00e9s.<\/p>\n","protected":false},"featured_media":11895,"comment_status":"closed","ping_status":"closed","template":"","meta":{"_acf_changed":false,"site-sidebar-layout":"default","site-content-layout":"","ast-site-content-layout":"default","site-content-style":"default","site-sidebar-style":"default","ast-global-header-display":"","ast-banner-title-visibility":"","ast-main-header-display":"","ast-hfb-above-header-display":"","ast-hfb-below-header-display":"","ast-hfb-mobile-header-display":"","site-post-title":"","ast-breadcrumbs-content":"","ast-featured-img":"","footer-sml-layout":"","ast-disable-related-posts":"","theme-transparent-header-meta":"default","adv-header-id-meta":"","stick-header-meta":"default","header-above-stick-meta":"","header-main-stick-meta":"","header-below-stick-meta":"","astra-migrate-meta-layouts":"default","ast-page-background-enabled":"default","ast-page-background-meta":{"desktop":{"background-color":"","background-image":"","background-repeat":"repeat","background-position":"center center","background-size":"auto","background-attachment":"scroll","background-type":"","background-media":"","overlay-type":"","overlay-color":"","overlay-opacity":"","overlay-gradient":""},"tablet":{"background-color":"","background-image":"","background-repeat":"repeat","background-position":"center center","background-size":"auto","background-attachment":"scroll","background-type":"","background-media":"","overlay-type":"","overlay-color":"","overlay-opacity":"","overlay-gradient":""},"mobile":{"background-color":"","background-image":"","background-repeat":"repeat","background-position":"center center","background-size":"auto","background-attachment":"scroll","background-type":"","background-media":"","overlay-type":"","overlay-color":"","overlay-opacity":"","overlay-gradient":""}},"ast-content-background-meta":{"desktop":{"background-color":"var(--ast-global-color-5)","background-image":"","background-repeat":"repeat","background-position":"center center","background-size":"auto","background-attachment":"scroll","background-type":"","background-media":"","overlay-type":"","overlay-color":"","overlay-opacity":"","overlay-gradient":""},"tablet":{"background-color":"var(--ast-global-color-5)","background-image":"","background-repeat":"repeat","background-position":"center center","background-size":"auto","background-attachment":"scroll","background-type":"","background-media":"","overlay-type":"","overlay-color":"","overlay-opacity":"","overlay-gradient":""},"mobile":{"background-color":"var(--ast-global-color-5)","background-image":"","background-repeat":"repeat","background-position":"center center","background-size":"auto","background-attachment":"scroll","background-type":"","background-media":"","overlay-type":"","overlay-color":"","overlay-opacity":"","overlay-gradient":""}}},"brand":[243,236],"product_brand":[],"product_cat":[424,427,426],"product_tag":[],"class_list":{"0":"post-12635","1":"product","2":"type-product","3":"status-publish","4":"has-post-thumbnail","6":"brand-biobase","7":"brand-tr-equipment","8":"product_cat-chaises-de-douche","9":"product_cat-aides-a-la-salle-de-bain","10":"product_cat-produits","11":"desktop-align-left","12":"tablet-align-left","13":"mobile-align-left","15":"first","16":"instock","17":"product-type-simple"},"acf":[],"_links":{"self":[{"href":"https:\/\/www.liomarmedical.com\/fr\/wp-json\/wp\/v2\/product\/12635","targetHints":{"allow":["GET"]}}],"collection":[{"href":"https:\/\/www.liomarmedical.com\/fr\/wp-json\/wp\/v2\/product"}],"about":[{"href":"https:\/\/www.liomarmedical.com\/fr\/wp-json\/wp\/v2\/types\/product"}],"replies":[{"embeddable":true,"href":"https:\/\/www.liomarmedical.com\/fr\/wp-json\/wp\/v2\/comments?post=12635"}],"wp:featuredmedia":[{"embeddable":true,"href":"https:\/\/www.liomarmedical.com\/fr\/wp-json\/wp\/v2\/media\/11895"}],"wp:attachment":[{"href":"https:\/\/www.liomarmedical.com\/fr\/wp-json\/wp\/v2\/media?parent=12635"}],"wp:term":[{"taxonomy":"brand","embeddable":true,"href":"https:\/\/www.liomarmedical.com\/fr\/wp-json\/wp\/v2\/brand?post=12635"},{"taxonomy":"product_brand","embeddable":true,"href":"https:\/\/www.liomarmedical.com\/fr\/wp-json\/wp\/v2\/product_brand?post=12635"},{"taxonomy":"product_cat","embeddable":true,"href":"https:\/\/www.liomarmedical.com\/fr\/wp-json\/wp\/v2\/product_cat?post=12635"},{"taxonomy":"product_tag","embeddable":true,"href":"https:\/\/www.liomarmedical.com\/fr\/wp-json\/wp\/v2\/product_tag?post=12635"}],"curies":[{"name":"wp","href":"https:\/\/api.w.org\/{rel}","templated":true}]}}