{"id":12532,"date":"2026-04-28T16:03:24","date_gmt":"2026-04-28T20:03:24","guid":{"rendered":"https:\/\/www.liomarmedical.com\/product\/chaise-daisances-pediatrique-rebotek\/"},"modified":"2026-04-28T16:05:09","modified_gmt":"2026-04-28T20:05:09","slug":"chaise-daisances-pediatrique-rebotek","status":"publish","type":"product","link":"https:\/\/www.liomarmedical.com\/fr\/produit\/chaise-daisances-pediatrique-rebotek\/","title":{"rendered":"Chaise d&rsquo;aisances p\u00e9diatrique Rebotek\u00ae"},"content":{"rendered":"<p>La chaise de douche et d&rsquo;aisances p\u00e9diatrique Augsburg est sp\u00e9cialement con\u00e7ue pour les dimensions et les besoins de soins particuliers des patients enfants. Son cadre compact et p\u00e9diatrique garantit un dimensionnement appropri\u00e9, tandis que la hauteur de si\u00e8ge r\u00e9glable peut \u00eatre optimis\u00e9e pour diff\u00e9rents patients et positions de travail du soignant.<\/p>\n<p>Les accoudoirs escamotables des deux c\u00f4t\u00e9s facilitent les transferts lat\u00e9raux pour les enfants \u00e0 mobilit\u00e9 r\u00e9duite, r\u00e9duisant les exigences de manutention lors des routines d&rsquo;hygi\u00e8ne. Le si\u00e8ge rembourr\u00e9 avec ouverture hygi\u00e9nique est accompagn\u00e9 d&rsquo;un seau amovible, rendant la chaise adapt\u00e9e \u00e0 la fois \u00e0 la douche et aux besoins d&rsquo;aisances. Des mat\u00e9riaux durables et r\u00e9sistants \u00e0 l&rsquo;eau permettent un nettoyage rigoureux quotidien.<\/p>\n<p>Id\u00e9ale pour les services p\u00e9diatriques hospitaliers, les centres de r\u00e9\u00e9ducation et les \u00e9tablissements de soins de longue dur\u00e9e accueillant de jeunes patients. Disponible partout au Canada via LIOMAR Medical.<\/p>\n","protected":false},"excerpt":{"rendered":"<p>La chaise d&rsquo;aisances p\u00e9diatrique Rebotek\u00ae est sp\u00e9cialement con\u00e7ue pour les enfants \u00e0 mobilit\u00e9 r\u00e9duite. Son design s\u00e9curitaire, ses dimensions adapt\u00e9es et ses couleurs attrayantes favorisent le confort et l&rsquo;autonomie des jeunes patients.<\/p>\n","protected":false},"featured_media":9622,"comment_status":"closed","ping_status":"closed","template":"","meta":{"_acf_changed":false,"site-sidebar-layout":"default","site-content-layout":"","ast-site-content-layout":"default","site-content-style":"default","site-sidebar-style":"default","ast-global-header-display":"","ast-banner-title-visibility":"","ast-main-header-display":"","ast-hfb-above-header-display":"","ast-hfb-below-header-display":"","ast-hfb-mobile-header-display":"","site-post-title":"","ast-breadcrumbs-content":"","ast-featured-img":"","footer-sml-layout":"","ast-disable-related-posts":"","theme-transparent-header-meta":"","adv-header-id-meta":"","stick-header-meta":"","header-above-stick-meta":"","header-main-stick-meta":"","header-below-stick-meta":"","astra-migrate-meta-layouts":"default","ast-page-background-enabled":"default","ast-page-background-meta":{"desktop":{"background-color":"","background-image":"","background-repeat":"repeat","background-position":"center center","background-size":"auto","background-attachment":"scroll","background-type":"","background-media":"","overlay-type":"","overlay-color":"","overlay-opacity":"","overlay-gradient":""},"tablet":{"background-color":"","background-image":"","background-repeat":"repeat","background-position":"center center","background-size":"auto","background-attachment":"scroll","background-type":"","background-media":"","overlay-type":"","overlay-color":"","overlay-opacity":"","overlay-gradient":""},"mobile":{"background-color":"","background-image":"","background-repeat":"repeat","background-position":"center center","background-size":"auto","background-attachment":"scroll","background-type":"","background-media":"","overlay-type":"","overlay-color":"","overlay-opacity":"","overlay-gradient":""}},"ast-content-background-meta":{"desktop":{"background-color":"var(--ast-global-color-5)","background-image":"","background-repeat":"repeat","background-position":"center center","background-size":"auto","background-attachment":"scroll","background-type":"","background-media":"","overlay-type":"","overlay-color":"","overlay-opacity":"","overlay-gradient":""},"tablet":{"background-color":"var(--ast-global-color-5)","background-image":"","background-repeat":"repeat","background-position":"center center","background-size":"auto","background-attachment":"scroll","background-type":"","background-media":"","overlay-type":"","overlay-color":"","overlay-opacity":"","overlay-gradient":""},"mobile":{"background-color":"var(--ast-global-color-5)","background-image":"","background-repeat":"repeat","background-position":"center center","background-size":"auto","background-attachment":"scroll","background-type":"","background-media":"","overlay-type":"","overlay-color":"","overlay-opacity":"","overlay-gradient":""}}},"brand":[241],"product_brand":[],"product_cat":[424],"product_tag":[],"class_list":{"0":"post-12532","1":"product","2":"type-product","3":"status-publish","4":"has-post-thumbnail","6":"brand-topmedi","7":"product_cat-chaises-de-douche","8":"desktop-align-left","9":"tablet-align-left","10":"mobile-align-left","12":"first","13":"instock","14":"product-type-simple"},"acf":[],"_links":{"self":[{"href":"https:\/\/www.liomarmedical.com\/fr\/wp-json\/wp\/v2\/product\/12532","targetHints":{"allow":["GET"]}}],"collection":[{"href":"https:\/\/www.liomarmedical.com\/fr\/wp-json\/wp\/v2\/product"}],"about":[{"href":"https:\/\/www.liomarmedical.com\/fr\/wp-json\/wp\/v2\/types\/product"}],"replies":[{"embeddable":true,"href":"https:\/\/www.liomarmedical.com\/fr\/wp-json\/wp\/v2\/comments?post=12532"}],"wp:featuredmedia":[{"embeddable":true,"href":"https:\/\/www.liomarmedical.com\/fr\/wp-json\/wp\/v2\/media\/9622"}],"wp:attachment":[{"href":"https:\/\/www.liomarmedical.com\/fr\/wp-json\/wp\/v2\/media?parent=12532"}],"wp:term":[{"taxonomy":"brand","embeddable":true,"href":"https:\/\/www.liomarmedical.com\/fr\/wp-json\/wp\/v2\/brand?post=12532"},{"taxonomy":"product_brand","embeddable":true,"href":"https:\/\/www.liomarmedical.com\/fr\/wp-json\/wp\/v2\/product_brand?post=12532"},{"taxonomy":"product_cat","embeddable":true,"href":"https:\/\/www.liomarmedical.com\/fr\/wp-json\/wp\/v2\/product_cat?post=12532"},{"taxonomy":"product_tag","embeddable":true,"href":"https:\/\/www.liomarmedical.com\/fr\/wp-json\/wp\/v2\/product_tag?post=12532"}],"curies":[{"name":"wp","href":"https:\/\/api.w.org\/{rel}","templated":true}]}}