{"id":4471,"date":"2022-03-08T20:03:30","date_gmt":"2022-03-09T00:03:30","guid":{"rendered":"https:\/\/www.liomarmedical.com\/avis-de-confidentialite\/"},"modified":"2023-10-03T16:17:10","modified_gmt":"2023-10-03T20:17:10","slug":"avis-de-confidentialite","status":"publish","type":"page","link":"https:\/\/www.liomarmedical.com\/fr\/avis-de-confidentialite\/","title":{"rendered":"Avis de confidentialit\u00e9"},"content":{"rendered":"\t\t<div data-elementor-type=\"wp-page\" data-elementor-id=\"4471\" class=\"elementor elementor-4471 elementor-3216\" data-elementor-post-type=\"page\">\n\t\t\t\t\t\t<section class=\"elementor-section elementor-top-section elementor-element elementor-element-97a487d elementor-section-boxed elementor-section-height-default elementor-section-height-default\" data-id=\"97a487d\" data-element_type=\"section\" data-e-type=\"section\">\n\t\t\t\t\t\t<div class=\"elementor-container elementor-column-gap-default\">\n\t\t\t\t\t<div class=\"elementor-column elementor-col-100 elementor-top-column elementor-element elementor-element-8445f62\" data-id=\"8445f62\" data-element_type=\"column\" data-e-type=\"column\">\n\t\t\t<div class=\"elementor-widget-wrap elementor-element-populated\">\n\t\t\t\t\t\t<div class=\"elementor-element elementor-element-a1245ee elementor-widget elementor-widget-heading\" data-id=\"a1245ee\" data-element_type=\"widget\" data-e-type=\"widget\" data-widget_type=\"heading.default\">\n\t\t\t\t<div class=\"elementor-widget-container\">\n\t\t\t\t\t<h2 class=\"elementor-heading-title elementor-size-default\">Avis de confidentialit\u00e9<\/h2>\t\t\t\t<\/div>\n\t\t\t\t<\/div>\n\t\t\t\t\t<\/div>\n\t\t<\/div>\n\t\t\t\t\t<\/div>\n\t\t<\/section>\n\t\t\t\t<section class=\"elementor-section elementor-top-section elementor-element elementor-element-baa864f elementor-section-boxed elementor-section-height-default elementor-section-height-default\" data-id=\"baa864f\" data-element_type=\"section\" data-e-type=\"section\">\n\t\t\t\t\t\t<div class=\"elementor-container elementor-column-gap-default\">\n\t\t\t\t\t<div class=\"elementor-column elementor-col-100 elementor-top-column elementor-element elementor-element-15fd316\" data-id=\"15fd316\" data-element_type=\"column\" data-e-type=\"column\">\n\t\t\t<div class=\"elementor-widget-wrap elementor-element-populated\">\n\t\t\t\t\t\t<div class=\"elementor-element elementor-element-3485f43 elementor-widget elementor-widget-text-editor\" data-id=\"3485f43\" data-element_type=\"widget\" data-e-type=\"widget\" data-widget_type=\"text-editor.default\">\n\t\t\t\t<div class=\"elementor-widget-container\">\n\t\t\t\t\t\t\t\t\t<p><span lang=\"FR-CA\">Cet avis de confidentialit\u00e9 divulgue les pratiques de confidentialit\u00e9 pour le site internet de la compagnie LIOMAR M\u00e9dical Inc.(<\/span><span lang=\"FR-CA\"><a href=\"https:\/\/www.liomarmedical.com\/\">https:\/\/www.liomarmedical.com<\/a><\/span><span lang=\"FR-CA\">). <\/span><\/p><p><span lang=\"FR-CA\">Cet avis de confidentialit\u00e9 s\u2019applique uniquement aux informations collect\u00e9es par ce site Web. <\/span><\/p><p><span lang=\"FR-CA\">Il vous informera des \u00e9l\u00e9ments suivants : <\/span><\/p><p style=\"text-indent: -18.0pt; mso-list: l1 level1 lfo1;\"><span lang=\"FR-CA\">1.<span style=\"font-variant-numeric: normal; font-variant-east-asian: normal; font-variant-alternates: normal; font-kerning: auto; font-optical-sizing: auto; font-feature-settings: normal; font-variation-settings: normal; font-variant-position: normal; font-stretch: normal; font-size: 7pt; line-height: normal; font-family: 'Times New Roman';\">\u00a0\u00a0\u00a0\u00a0\u00a0 <\/span><\/span><span lang=\"FR-CA\">Quelles informations personnellement identifiables sont collect\u00e9es aupr\u00e8s de vous via le site Web, comment elles sont utilis\u00e9es et avec qui elles peuvent \u00eatre partag\u00e9es. <\/span><\/p><p style=\"text-indent: -18.0pt; mso-list: l1 level1 lfo1;\"><span lang=\"FR-CA\">2.<span style=\"font-variant-numeric: normal; font-variant-east-asian: normal; font-variant-alternates: normal; font-kerning: auto; font-optical-sizing: auto; font-feature-settings: normal; font-variation-settings: normal; font-variant-position: normal; font-stretch: normal; font-size: 7pt; line-height: normal; font-family: 'Times New Roman';\">\u00a0\u00a0\u00a0\u00a0\u00a0 <\/span><\/span><span lang=\"FR-CA\">Quels sont les choix qui s\u2019offrent \u00e0 vous concernant l\u2019utilisation de vos donn\u00e9es. <\/span><\/p><p style=\"text-indent: -18.0pt; mso-list: l1 level1 lfo1;\"><span lang=\"FR-CA\">3.<span style=\"font-variant-numeric: normal; font-variant-east-asian: normal; font-variant-alternates: normal; font-kerning: auto; font-optical-sizing: auto; font-feature-settings: normal; font-variation-settings: normal; font-variant-position: normal; font-stretch: normal; font-size: 7pt; line-height: normal; font-family: 'Times New Roman';\">\u00a0\u00a0\u00a0\u00a0\u00a0 <\/span><\/span><span lang=\"FR-CA\">Les proc\u00e9dures de s\u00e9curit\u00e9 en place pour prot\u00e9ger l\u2019utilisation abusive de vos informations.<\/span><\/p><p style=\"text-indent: -18.0pt; mso-list: l1 level1 lfo1;\"><span lang=\"FR-CA\">4.<span style=\"font-variant-numeric: normal; font-variant-east-asian: normal; font-variant-alternates: normal; font-kerning: auto; font-optical-sizing: auto; font-feature-settings: normal; font-variation-settings: normal; font-variant-position: normal; font-stretch: normal; font-size: 7pt; line-height: normal; font-family: 'Times New Roman';\">\u00a0\u00a0\u00a0\u00a0\u00a0 <\/span><\/span><span lang=\"FR-CA\">Comment vous pouvez corriger toute inexactitude dans les informations. <\/span><\/p><p><b><u><span lang=\"FR-CA\">Collecte, utilisation et partage d\u2019informations\u00a0: <\/span><\/u><\/b><\/p><p><span lang=\"FR-CA\">Nous collectons des donn\u00e9es personnelles dans le but mieux vous servir en tant que client. Cela peut inclure des informations telles que votre nom, votre adresse, votre num\u00e9ro de t\u00e9l\u00e9phone, votre adresse e-mail, et d&rsquo;autres informations pertinentes li\u00e9es \u00e0 nos produits et services. <\/span><\/p><p><span lang=\"FR-CA\">Nous sommes les seuls propri\u00e9taires des informations recueillies sur ce site. Nous avons seulement acc\u00e8s et ne collectons que les informations que vous nous fournissez volontairement par e-mail, en remplissant nos formulaires de contact, ou par tout autre contact direct de votre part. <\/span><\/p><p><b><u><span lang=\"FR-CA\">Utilisation des donn\u00e9es\u00a0: <\/span><\/u><\/b><\/p><p><span lang=\"FR-CA\">Les donn\u00e9es que nous collectons sont utilis\u00e9es dans le cadre de l&rsquo;administration de votre compte client, du traitement de vos commandes, de la fourniture de support client, et pour vous tenir inform\u00e9 de nos produits, services, \u00e9v\u00e9nements et offres sp\u00e9ciales. Nous pouvons \u00e9galement utiliser ces donn\u00e9es \u00e0 des fins d&rsquo;analyse interne pour am\u00e9liorer nos produits et services. \u00c0 moins que vous ne nous demandiez de ne pas le faire, nous pourrons \u00e0 l\u2019avenir vous contacter par e-mail ou par la poste. <\/span><\/p><p><span lang=\"FR-CA\">Nous ne vendrons ni ne louerons ces informations \u00e0 qui que ce soit. Nous utiliserons vos informations pour vous r\u00e9pondre, concernant la (les) raison(s) pour laquelle (lesquelles) vous nous avez contact\u00e9. Nous ne partagerons pas vos informations avec des tiers en dehors de notre organisation, sauf si n\u00e9cessaire, pour r\u00e9pondre \u00e0 votre demande, par exemple, pour exp\u00e9dier une commande. <\/span><\/p><p><span lang=\"FR-CA\">Notre responsable des donn\u00e9es\u00a0: <\/span><\/p><p><span lang=\"FR-CA\">Notre responsable des donn\u00e9es est Mario P. Cloutier. Pour toute question reli\u00e9e \u00e0 nos politiques de confidentialit\u00e9, il peut \u00eatre contact\u00e9 \u00e0 l&rsquo;adresse suivante : info@liomarmedical.com ou par courrier \u00e0 l\u2019adresse postale de l&rsquo;entreprise affiche sur notre site Web. Notre responsable de la protection des donn\u00e9es veille \u00e0 ce que vos donn\u00e9es soient trait\u00e9es conform\u00e9ment \u00e0 la loi 25.<\/span><\/p><p><b><u><span lang=\"FR-CA\">Votre acc\u00e8s aux informations et votre contr\u00f4le sur celles-ci\u00a0:<\/span><\/u><\/b><\/p><p><span lang=\"FR-CA\">Vous pouvez vous d\u00e9sinscrire de tout contact futur de notre part \u00e0 tout moment. Vous pouvez faire ce qui suit \u00e0 tout moment en nous contactant via l\u2019adresse e-mail ou le num\u00e9ro de t\u00e9l\u00e9phone indiqu\u00e9 sur notre site Web : <\/span><\/p><p style=\"margin-left: 54.0pt; mso-add-space: auto; text-indent: -18.0pt; mso-list: l0 level1 lfo2;\"><span lang=\"FR-CA\">\u2013<span style=\"font-variant-numeric: normal; font-variant-east-asian: normal; font-variant-alternates: normal; font-kerning: auto; font-optical-sizing: auto; font-feature-settings: normal; font-variation-settings: normal; font-variant-position: normal; font-stretch: normal; font-size: 7pt; line-height: normal; font-family: 'Times New Roman';\">\u00a0\u00a0\u00a0\u00a0\u00a0\u00a0 <\/span><\/span><span lang=\"FR-CA\">Voir quelles donn\u00e9es nous avons sur vous, le cas \u00e9ch\u00e9ant.<\/span><\/p><p style=\"margin-left: 54.0pt; mso-add-space: auto; text-indent: -18.0pt; mso-list: l0 level1 lfo2;\"><span lang=\"FR-CA\">\u2013<span style=\"font-variant-numeric: normal; font-variant-east-asian: normal; font-variant-alternates: normal; font-kerning: auto; font-optical-sizing: auto; font-feature-settings: normal; font-variation-settings: normal; font-variant-position: normal; font-stretch: normal; font-size: 7pt; line-height: normal; font-family: 'Times New Roman';\">\u00a0\u00a0\u00a0\u00a0\u00a0\u00a0 <\/span><\/span><span lang=\"FR-CA\">Modifier\/corriger toutes les donn\u00e9es que nous poss\u00e9dons \u00e0 votre sujet.<\/span><\/p><p style=\"margin-left: 54.0pt; mso-add-space: auto; text-indent: -18.0pt; mso-list: l0 level1 lfo2;\"><span lang=\"FR-CA\">\u2013<span style=\"font-variant-numeric: normal; font-variant-east-asian: normal; font-variant-alternates: normal; font-kerning: auto; font-optical-sizing: auto; font-feature-settings: normal; font-variation-settings: normal; font-variant-position: normal; font-stretch: normal; font-size: 7pt; line-height: normal; font-family: 'Times New Roman';\">\u00a0\u00a0\u00a0\u00a0\u00a0\u00a0 <\/span><\/span><span lang=\"FR-CA\">Nous demander de supprimer toutes les donn\u00e9es que nous avons sur vous.<\/span><\/p><p style=\"margin-left: 54.0pt; mso-add-space: auto; text-indent: -18.0pt; mso-list: l0 level1 lfo2;\"><span lang=\"FR-CA\">\u2013<span style=\"font-variant-numeric: normal; font-variant-east-asian: normal; font-variant-alternates: normal; font-kerning: auto; font-optical-sizing: auto; font-feature-settings: normal; font-variation-settings: normal; font-variant-position: normal; font-stretch: normal; font-size: 7pt; line-height: normal; font-family: 'Times New Roman';\">\u00a0\u00a0\u00a0\u00a0\u00a0\u00a0 <\/span><\/span><span lang=\"FR-CA\">Exprimer toute pr\u00e9occupation que vous avez concernant notre utilisation de vos donn\u00e9es.<\/span><\/p><p><b><u><span lang=\"FR-CA\">Droit \u00e0 la Suppression des Donn\u00e9es :<\/span><\/u><\/b><\/p><p><span lang=\"FR-CA\">Si vous souhaitez que nous supprimions toutes les donn\u00e9es que nous d\u00e9tenons vous concernant, veuillez nous contacter en utilisant les coordonn\u00e9es indiqu\u00e9es sur notre site Web. Nous traiterons votre demande dans les plus brefs d\u00e9lais, conform\u00e9ment \u00e0 la loi applicable.<\/span><\/p><p><b><u><span lang=\"FR-CA\">S\u00e9curit\u00e9\u00a0:<\/span><\/u><\/b><\/p><p><span lang=\"FR-CA\">Nous prenons des pr\u00e9cautions pour prot\u00e9ger vos informations. Lorsque vous soumettez des informations sensibles via le site Web, vos informations sont prot\u00e9g\u00e9es \u00e0 la fois en ligne et hors ligne. Partout o\u00f9 nous recueillons des informations sensibles (telles que les donn\u00e9es de carte de cr\u00e9dit), ces informations sont crypt\u00e9es et nous sont transmises de mani\u00e8re s\u00e9curis\u00e9e. <\/span><\/p><p><span lang=\"FR-CA\">Vous pouvez le v\u00e9rifier en recherchant une ic\u00f4ne de cadenas ferm\u00e9 au bas de votre navigateur Web ou en recherchant \u201chttps\u201d au d\u00e9but de l\u2019adresse de la page Web. Alors que nous utilisons le cryptage pour prot\u00e9ger les informations sensibles transmises en ligne, nous prot\u00e9geons \u00e9galement vos informations hors ligne. Seuls les employ\u00e9s qui ont besoin des informations pour effectuer un travail sp\u00e9cifique (par exemple, la facturation ou le service client) ont acc\u00e8s aux informations personnellement identifiables. Les ordinateurs\/serveurs dans lesquels nous stockons des informations personnellement identifiables sont conserv\u00e9s dans un environnement s\u00e9curis\u00e9. <\/span><\/p><p><span lang=\"FR-CA\">Si vous avez des questions, des pr\u00e9occupations ou des demandes concernant vos donn\u00e9es personnelles ou notre politique de confidentialit\u00e9, n&rsquo;h\u00e9sitez pas \u00e0 nous contacter par t\u00e9l\u00e9phone au +1 450-987-1127 ou par e-mail \u00e0 info@liomarmedical.com. Nous sommes l\u00e0 pour vous aider.<\/span><\/p><p>\u00a0<\/p><p><span lang=\"FR-CA\">Chez LIOMAR Medical, nous nous engageons \u00e0 respecter votre vie priv\u00e9e et \u00e0 traiter vos donn\u00e9es avec la plus grande confidentialit\u00e9 et s\u00e9curit\u00e9. Merci de votre confiance.<\/span><\/p>\t\t\t\t\t\t\t\t<\/div>\n\t\t\t\t<\/div>\n\t\t\t\t\t<\/div>\n\t\t<\/div>\n\t\t\t\t\t<\/div>\n\t\t<\/section>\n\t\t\t\t<\/div>\n\t\t","protected":false},"excerpt":{"rendered":"<p>Avis de confidentialit\u00e9 Cet avis de confidentialit\u00e9 divulgue les pratiques de confidentialit\u00e9 pour le site internet de la compagnie LIOMAR M\u00e9dical Inc.(https:\/\/www.liomarmedical.com). Cet avis de confidentialit\u00e9 s\u2019applique uniquement aux informations collect\u00e9es par ce site Web. Il vous informera des \u00e9l\u00e9ments suivants : 1.\u00a0\u00a0\u00a0\u00a0\u00a0 Quelles informations personnellement identifiables sont collect\u00e9es aupr\u00e8s de vous via le site [&hellip;]<\/p>\n","protected":false},"author":1,"featured_media":0,"parent":0,"menu_order":0,"comment_status":"closed","ping_status":"closed","template":"","meta":{"_acf_changed":false,"site-sidebar-layout":"no-sidebar","site-content-layout":"page-builder","ast-site-content-layout":"default","site-content-style":"default","site-sidebar-style":"default","ast-global-header-display":"","ast-banner-title-visibility":"","ast-main-header-display":"","ast-hfb-above-header-display":"","ast-hfb-below-header-display":"","ast-hfb-mobile-header-display":"","site-post-title":"disabled","ast-breadcrumbs-content":"","ast-featured-img":"disabled","footer-sml-layout":"","ast-disable-related-posts":"","theme-transparent-header-meta":"","adv-header-id-meta":"","stick-header-meta":"","header-above-stick-meta":"","header-main-stick-meta":"","header-below-stick-meta":"","astra-migrate-meta-layouts":"default","ast-page-background-enabled":"default","ast-page-background-meta":{"desktop":{"background-color":"","background-image":"","background-repeat":"repeat","background-position":"center center","background-size":"auto","background-attachment":"scroll","background-type":"","background-media":"","overlay-type":"","overlay-color":"","overlay-opacity":"","overlay-gradient":""},"tablet":{"background-color":"","background-image":"","background-repeat":"repeat","background-position":"center center","background-size":"auto","background-attachment":"scroll","background-type":"","background-media":"","overlay-type":"","overlay-color":"","overlay-opacity":"","overlay-gradient":""},"mobile":{"background-color":"","background-image":"","background-repeat":"repeat","background-position":"center center","background-size":"auto","background-attachment":"scroll","background-type":"","background-media":"","overlay-type":"","overlay-color":"","overlay-opacity":"","overlay-gradient":""}},"ast-content-background-meta":{"desktop":{"background-color":"var(--ast-global-color-5)","background-image":"","background-repeat":"repeat","background-position":"center center","background-size":"auto","background-attachment":"scroll","background-type":"","background-media":"","overlay-type":"","overlay-color":"","overlay-opacity":"","overlay-gradient":""},"tablet":{"background-color":"var(--ast-global-color-5)","background-image":"","background-repeat":"repeat","background-position":"center center","background-size":"auto","background-attachment":"scroll","background-type":"","background-media":"","overlay-type":"","overlay-color":"","overlay-opacity":"","overlay-gradient":""},"mobile":{"background-color":"var(--ast-global-color-5)","background-image":"","background-repeat":"repeat","background-position":"center center","background-size":"auto","background-attachment":"scroll","background-type":"","background-media":"","overlay-type":"","overlay-color":"","overlay-opacity":"","overlay-gradient":""}},"_metasync_otto_title":"","_metasync_otto_description":"","_metasync_otto_keywords":"","_metasync_otto_og_title":"","_metasync_otto_og_description":"","_metasync_otto_twitter_title":"","_metasync_otto_twitter_description":"","rank_math_title":"","rank_math_description":"","_yoast_wpseo_title":"","_yoast_wpseo_metadesc":"","_aioseo_title":"","_aioseo_description":"","_metasync_seo_title":"","_metasync_seo_desc":"","_metasync_breadcrumb_title":"","_metasync_primary_category":0,"_metasync_primary_product_cat":0,"_metasync_otto_disabled":"","_metasync_hreflang":"","_metasync_plugin_sync_ts":"","_metasync_robots_advanced":"","footnotes":""},"class_list":["post-4471","page","type-page","status-publish","hentry"],"acf":[],"_links":{"self":[{"href":"https:\/\/www.liomarmedical.com\/fr\/wp-json\/wp\/v2\/pages\/4471","targetHints":{"allow":["GET"]}}],"collection":[{"href":"https:\/\/www.liomarmedical.com\/fr\/wp-json\/wp\/v2\/pages"}],"about":[{"href":"https:\/\/www.liomarmedical.com\/fr\/wp-json\/wp\/v2\/types\/page"}],"author":[{"embeddable":true,"href":"https:\/\/www.liomarmedical.com\/fr\/wp-json\/wp\/v2\/users\/1"}],"replies":[{"embeddable":true,"href":"https:\/\/www.liomarmedical.com\/fr\/wp-json\/wp\/v2\/comments?post=4471"}],"version-history":[{"count":0,"href":"https:\/\/www.liomarmedical.com\/fr\/wp-json\/wp\/v2\/pages\/4471\/revisions"}],"wp:attachment":[{"href":"https:\/\/www.liomarmedical.com\/fr\/wp-json\/wp\/v2\/media?parent=4471"}],"curies":[{"name":"wp","href":"https:\/\/api.w.org\/{rel}","templated":true}]}}