{"id":4481,"date":"2022-03-08T20:03:30","date_gmt":"2022-03-09T00:03:30","guid":{"rendered":"https:\/\/www.liomarmedical.com\/aviso-de-privacidad\/"},"modified":"2023-10-03T16:36:17","modified_gmt":"2023-10-03T20:36:17","slug":"aviso-de-privacidad","status":"publish","type":"page","link":"https:\/\/www.liomarmedical.com\/es\/aviso-de-privacidad\/","title":{"rendered":"Aviso de Privacidad"},"content":{"rendered":"\t\t<div data-elementor-type=\"wp-page\" data-elementor-id=\"4481\" class=\"elementor elementor-4481 elementor-3216\" data-elementor-post-type=\"page\">\n\t\t\t\t\t\t<section class=\"elementor-section elementor-top-section elementor-element elementor-element-97a487d elementor-section-boxed elementor-section-height-default elementor-section-height-default\" data-id=\"97a487d\" data-element_type=\"section\" data-e-type=\"section\">\n\t\t\t\t\t\t<div class=\"elementor-container elementor-column-gap-default\">\n\t\t\t\t\t<div class=\"elementor-column elementor-col-100 elementor-top-column elementor-element elementor-element-8445f62\" data-id=\"8445f62\" data-element_type=\"column\" data-e-type=\"column\">\n\t\t\t<div class=\"elementor-widget-wrap elementor-element-populated\">\n\t\t\t\t\t\t<div class=\"elementor-element elementor-element-a1245ee elementor-widget elementor-widget-heading\" data-id=\"a1245ee\" data-element_type=\"widget\" data-e-type=\"widget\" data-widget_type=\"heading.default\">\n\t\t\t\t<div class=\"elementor-widget-container\">\n\t\t\t\t\t<h2 class=\"elementor-heading-title elementor-size-default\">Aviso de Privacidad<\/h2>\t\t\t\t<\/div>\n\t\t\t\t<\/div>\n\t\t\t\t\t<\/div>\n\t\t<\/div>\n\t\t\t\t\t<\/div>\n\t\t<\/section>\n\t\t\t\t<section class=\"elementor-section elementor-top-section elementor-element elementor-element-baa864f elementor-section-boxed elementor-section-height-default elementor-section-height-default\" data-id=\"baa864f\" data-element_type=\"section\" data-e-type=\"section\">\n\t\t\t\t\t\t<div class=\"elementor-container elementor-column-gap-default\">\n\t\t\t\t\t<div class=\"elementor-column elementor-col-100 elementor-top-column elementor-element elementor-element-15fd316\" data-id=\"15fd316\" data-element_type=\"column\" data-e-type=\"column\">\n\t\t\t<div class=\"elementor-widget-wrap elementor-element-populated\">\n\t\t\t\t\t\t<div class=\"elementor-element elementor-element-3485f43 elementor-widget elementor-widget-text-editor\" data-id=\"3485f43\" data-element_type=\"widget\" data-e-type=\"widget\" data-widget_type=\"text-editor.default\">\n\t\t\t\t<div class=\"elementor-widget-container\">\n\t\t\t\t\t\t\t\t\t<p class=\"MsoNormal\"><span lang=\"FR-CA\">Este aviso\nde privacidad revela las pr\u00e1cticas de privacidad para el sitio web de LIOMAR\nMedical Inc. (<\/span><a href=\"https:\/\/www.liomarmedical.com\"><span lang=\"FR-CA\">https:\/\/www.liomarmedical.com<\/span><\/a><span lang=\"FR-CA\">). <o:p><\/o:p><\/span><\/p><p class=\"MsoNormal\"><span lang=\"FR-CA\">Este aviso\nde privacidad se aplica solo a la informaci\u00f3n recopilada por este sitio web. <o:p><\/o:p><\/span><\/p><p class=\"MsoNormal\"><span lang=\"FR-CA\">Le\ninformar\u00e1n de lo siguiente: <o:p><\/o:p><\/span><\/p><p class=\"MsoListParagraphCxSpFirst\" style=\"text-indent:-18.0pt;mso-list:l1 level1 lfo1\"><span lang=\"FR-CA\">1.<span style=\"font-variant-numeric: normal; font-variant-east-asian: normal; font-variant-alternates: normal; font-kerning: auto; font-optical-sizing: auto; font-feature-settings: normal; font-variation-settings: normal; font-variant-position: normal; font-stretch: normal; font-size: 7pt; line-height: normal; font-family: &quot;Times New Roman&quot;;\">&nbsp;&nbsp;&nbsp;&nbsp;&nbsp; <\/span><\/span><span lang=\"FR-CA\">Qu\u00e9 informaci\u00f3n de identificaci\u00f3n\npersonal se recopila de usted a trav\u00e9s del sitio web, c\u00f3mo se usa y con qui\u00e9n\nse puede compartir. <o:p><\/o:p><\/span><\/p><p class=\"MsoListParagraphCxSpMiddle\" style=\"text-indent:-18.0pt;mso-list:l1 level1 lfo1\"><span lang=\"FR-CA\">2.<span style=\"font-variant-numeric: normal; font-variant-east-asian: normal; font-variant-alternates: normal; font-kerning: auto; font-optical-sizing: auto; font-feature-settings: normal; font-variation-settings: normal; font-variant-position: normal; font-stretch: normal; font-size: 7pt; line-height: normal; font-family: &quot;Times New Roman&quot;;\">&nbsp;&nbsp;&nbsp;&nbsp;&nbsp; <\/span><\/span><span lang=\"FR-CA\">\u00bfQu\u00e9 opciones est\u00e1n disponibles para\nusted con respecto al uso de sus datos? <o:p><\/o:p><\/span><\/p><p class=\"MsoListParagraphCxSpMiddle\" style=\"text-indent:-18.0pt;mso-list:l1 level1 lfo1\"><span lang=\"FR-CA\">3.<span style=\"font-variant-numeric: normal; font-variant-east-asian: normal; font-variant-alternates: normal; font-kerning: auto; font-optical-sizing: auto; font-feature-settings: normal; font-variation-settings: normal; font-variant-position: normal; font-stretch: normal; font-size: 7pt; line-height: normal; font-family: &quot;Times New Roman&quot;;\">&nbsp;&nbsp;&nbsp;&nbsp;&nbsp; <\/span><\/span><span lang=\"FR-CA\">Los procedimientos de seguridad\nestablecidos para proteger el uso indebido de su informaci\u00f3n.<o:p><\/o:p><\/span><\/p><p class=\"MsoListParagraphCxSpLast\" style=\"text-indent:-18.0pt;mso-list:l1 level1 lfo1\"><span lang=\"FR-CA\">4.<span style=\"font-variant-numeric: normal; font-variant-east-asian: normal; font-variant-alternates: normal; font-kerning: auto; font-optical-sizing: auto; font-feature-settings: normal; font-variation-settings: normal; font-variant-position: normal; font-stretch: normal; font-size: 7pt; line-height: normal; font-family: &quot;Times New Roman&quot;;\">&nbsp;&nbsp;&nbsp;&nbsp;&nbsp; <\/span><\/span><span lang=\"FR-CA\">C\u00f3mo puede corregir cualquier\ninexactitud en la informaci\u00f3n. <o:p><\/o:p><\/span><\/p><p class=\"MsoNormal\"><b><u><span lang=\"FR-CA\">Recopilaci\u00f3n,\nuso e intercambio de informaci\u00f3n: <o:p><\/o:p><\/span><\/u><\/b><\/p><p class=\"MsoNormal\"><span lang=\"FR-CA\">Recopilamos\ndatos personales con el fin de brindarle un mejor servicio como cliente. Esto\npuede incluir informaci\u00f3n como su nombre, direcci\u00f3n, n\u00famero de tel\u00e9fono,\ndirecci\u00f3n de correo electr\u00f3nico y otra informaci\u00f3n relevante relacionada con\nnuestros productos y servicios. <o:p><\/o:p><\/span><\/p><p class=\"MsoNormal\"><span lang=\"FR-CA\">Somos los\n\u00fanicos propietarios de la informaci\u00f3n recopilada en este sitio. Solo tenemos\nacceso y recopilamos informaci\u00f3n que usted nos proporciona voluntariamente por\ncorreo electr\u00f3nico, al completar nuestros formularios de contacto o por\ncualquier otro contacto directo de usted. <o:p><\/o:p><\/span><\/p><p class=\"MsoNormal\"><b><u><span lang=\"FR-CA\">Uso\nde datos: <o:p><\/o:p><\/span><\/u><\/b><\/p><p class=\"MsoNormal\"><span lang=\"FR-CA\">Los datos\nque recopilamos se utilizan en relaci\u00f3n con la administraci\u00f3n de su cuenta de\ncliente, el procesamiento de sus pedidos, la prestaci\u00f3n de atenci\u00f3n al cliente\ny para mantenerlo informado sobre nuestros productos, servicios, eventos y\nofertas especiales. Tambi\u00e9n podemos utilizar estos datos con fines de an\u00e1lisis\ninterno para mejorar nuestros productos y servicios. A menos que nos pida que\nno lo hagamos, es posible que en el futuro nos comuniquemos con usted por\ncorreo electr\u00f3nico o postal. <o:p><\/o:p><\/span><\/p><p class=\"MsoNormal\"><span lang=\"FR-CA\">No\nvenderemos ni alquilaremos esta informaci\u00f3n a nadie. Utilizaremos su\ninformaci\u00f3n para responderle, con respecto a la (s) raz\u00f3n (s) por la cual nos\ncontact\u00f3. No compartiremos su informaci\u00f3n con terceros fuera de nuestra\norganizaci\u00f3n, a menos que sea necesario, para cumplir con su solicitud, por\nejemplo, para enviar un pedido. <o:p><\/o:p><\/span><\/p><p class=\"MsoNormal\"><span lang=\"FR-CA\">Nuestro\ncontrolador de datos: <o:p><\/o:p><\/span><\/p><p class=\"MsoNormal\"><span lang=\"FR-CA\">Nuestro\ncontrolador de datos es Mario P. Cloutier. Si tiene alguna pregunta sobre\nnuestras pol\u00edticas de privacidad, puede contactarlas en la siguiente direcci\u00f3n:\ninfo@liomarmedical.com o por correo a la direcci\u00f3n postal de la compa\u00f1\u00eda\npublicada en nuestro sitio web. Nuestro oficial de protecci\u00f3n de datos\ngarantiza que sus datos se procesen de acuerdo con la Ley 25.<o:p><\/o:p><\/span><\/p><p class=\"MsoNormal\"><b><u><span lang=\"FR-CA\">Su\nacceso y control sobre la informaci\u00f3n:<o:p><\/o:p><\/span><\/u><\/b><\/p><p class=\"MsoNormal\"><span lang=\"FR-CA\">Puede darse\nde baja de cualquier contacto futuro de nosotros en cualquier momento. Puede\nhacer lo siguiente en cualquier momento poni\u00e9ndose en contacto con nosotros a\ntrav\u00e9s de la direcci\u00f3n de correo electr\u00f3nico o el n\u00famero de tel\u00e9fono que\nfiguran en nuestro sitio web: <o:p><\/o:p><\/span><\/p><p class=\"MsoListParagraphCxSpFirst\" style=\"margin-left:54.0pt;mso-add-space:\nauto;text-indent:-18.0pt;mso-list:l0 level1 lfo2\"><span lang=\"FR-CA\">\u2013<span style=\"font-variant-numeric: normal; font-variant-east-asian: normal; font-variant-alternates: normal; font-kerning: auto; font-optical-sizing: auto; font-feature-settings: normal; font-variation-settings: normal; font-variant-position: normal; font-stretch: normal; font-size: 7pt; line-height: normal; font-family: &quot;Times New Roman&quot;;\">&nbsp;&nbsp;&nbsp;&nbsp;&nbsp;&nbsp;\n<\/span><\/span><span lang=\"FR-CA\">Vea\nqu\u00e9 datos tenemos sobre usted, si los hay.<o:p><\/o:p><\/span><\/p><p class=\"MsoListParagraphCxSpMiddle\" style=\"margin-left:54.0pt;mso-add-space:\nauto;text-indent:-18.0pt;mso-list:l0 level1 lfo2\"><span lang=\"FR-CA\">\u2013<span style=\"font-variant-numeric: normal; font-variant-east-asian: normal; font-variant-alternates: normal; font-kerning: auto; font-optical-sizing: auto; font-feature-settings: normal; font-variation-settings: normal; font-variant-position: normal; font-stretch: normal; font-size: 7pt; line-height: normal; font-family: &quot;Times New Roman&quot;;\">&nbsp;&nbsp;&nbsp;&nbsp;&nbsp;&nbsp;\n<\/span><\/span><span lang=\"FR-CA\">Modificar\/corregir\ncualquier dato que tengamos sobre usted.<o:p><\/o:p><\/span><\/p><p class=\"MsoListParagraphCxSpMiddle\" style=\"margin-left:54.0pt;mso-add-space:\nauto;text-indent:-18.0pt;mso-list:l0 level1 lfo2\"><span lang=\"FR-CA\">\u2013<span style=\"font-variant-numeric: normal; font-variant-east-asian: normal; font-variant-alternates: normal; font-kerning: auto; font-optical-sizing: auto; font-feature-settings: normal; font-variation-settings: normal; font-variant-position: normal; font-stretch: normal; font-size: 7pt; line-height: normal; font-family: &quot;Times New Roman&quot;;\">&nbsp;&nbsp;&nbsp;&nbsp;&nbsp;&nbsp;\n<\/span><\/span><span lang=\"FR-CA\">P\u00eddanos\nque eliminemos cualquier dato que tengamos sobre usted.<o:p><\/o:p><\/span><\/p><p class=\"MsoListParagraphCxSpLast\" style=\"margin-left:54.0pt;mso-add-space:auto;\ntext-indent:-18.0pt;mso-list:l0 level1 lfo2\"><span lang=\"FR-CA\">\u2013<span style=\"font-variant-numeric: normal; font-variant-east-asian: normal; font-variant-alternates: normal; font-kerning: auto; font-optical-sizing: auto; font-feature-settings: normal; font-variation-settings: normal; font-variant-position: normal; font-stretch: normal; font-size: 7pt; line-height: normal; font-family: &quot;Times New Roman&quot;;\">&nbsp;&nbsp;&nbsp;&nbsp;&nbsp;&nbsp;\n<\/span><\/span><span lang=\"FR-CA\">Expresar\ncualquier inquietud que tenga sobre nuestro uso de sus datos.<o:p><\/o:p><\/span><\/p><p class=\"MsoNormal\"><b><u><span lang=\"FR-CA\">Derecho\na la supresi\u00f3n de los datos:<o:p><\/o:p><\/span><\/u><\/b><\/p><p class=\"MsoNormal\"><span lang=\"FR-CA\">Si desea\nque eliminemos cualquier dato que tengamos sobre usted, p\u00f3ngase en contacto con\nnosotros utilizando los datos de contacto que figuran en nuestro sitio web.\nProcesaremos su solicitud lo antes posible, de acuerdo con la ley aplicable.<o:p><\/o:p><\/span><\/p><p class=\"MsoNormal\"><b><u><span lang=\"FR-CA\">Seguridad:<o:p><\/o:p><\/span><\/u><\/b><\/p><p class=\"MsoNormal\"><span lang=\"FR-CA\">Tomamos\nprecauciones para proteger su informaci\u00f3n. Cuando env\u00eda informaci\u00f3n\nconfidencial a trav\u00e9s del sitio web, su informaci\u00f3n est\u00e1 protegida tanto en\nl\u00ednea como fuera de l\u00ednea. Dondequiera que recopilemos informaci\u00f3n confidencial\n(como datos de tarjetas de cr\u00e9dito), esa informaci\u00f3n se cifra y se nos\ntransmite de forma segura. <o:p><\/o:p><\/span><\/p><p class=\"MsoNormal\"><span lang=\"FR-CA\">Puede\nverificar esto buscando un \u00edcono de candado cerrado en la parte inferior de su\nnavegador web o buscando \u00abhttps\u00bb al comienzo de la direcci\u00f3n de la\np\u00e1gina web. Si bien utilizamos el cifrado para proteger la informaci\u00f3n\nconfidencial transmitida en l\u00ednea, tambi\u00e9n protegemos su informaci\u00f3n fuera de\nl\u00ednea. Solo los empleados que necesitan la informaci\u00f3n para realizar un trabajo\nespec\u00edfico (por ejemplo, facturaci\u00f3n o servicio al cliente) tienen acceso a la\ninformaci\u00f3n de identificaci\u00f3n personal. Las computadoras \/ servidores en los\nque almacenamos informaci\u00f3n de identificaci\u00f3n personal se mantienen en un\nentorno seguro. <o:p><\/o:p><\/span><\/p><p class=\"MsoNormal\"><span lang=\"FR-CA\">Si tiene\nalguna pregunta, inquietud o solicitud con respecto a sus datos personales o\nnuestra Pol\u00edtica de privacidad, no dude en contactarnos por tel\u00e9fono al +1\n450-987-1127 o por correo electr\u00f3nico a info@liomarmedical.com. Estamos aqu\u00ed\npara ayudar.<o:p><\/o:p><\/span><\/p><p>\n\n\n\n\n\n\n\n\n\n\n\n\n\n\n\n\n\n\n\n\n\n\n\n\n\n\n\n\n\n\n\n\n\n\n\n\n\n\n\n\n\n\n\n\n\n\n\n\n\n\n\n\n\n<span lang=\"FR-CA\" style=\"font-size:11.0pt;line-height:107%;font-family:&quot;Calibri&quot;,sans-serif;\nmso-ascii-theme-font:minor-latin;mso-fareast-font-family:Calibri;mso-fareast-theme-font:\nminor-latin;mso-hansi-theme-font:minor-latin;mso-bidi-font-family:Arial;\nmso-bidi-theme-font:minor-bidi;mso-ansi-language:FR-CA;mso-fareast-language:\nEN-US;mso-bidi-language:AR-SA\">En LIOMAR Medical nos comprometemos a respetar\nsu privacidad y a tratar sus datos con la m\u00e1xima confidencialidad y seguridad. <\/span><span style=\"font-size:11.0pt;line-height:107%;font-family:&quot;Calibri&quot;,sans-serif;\nmso-ascii-theme-font:minor-latin;mso-fareast-font-family:Calibri;mso-fareast-theme-font:\nminor-latin;mso-hansi-theme-font:minor-latin;mso-bidi-font-family:Arial;\nmso-bidi-theme-font:minor-bidi;mso-ansi-language:EN-US;mso-fareast-language:\nEN-US;mso-bidi-language:AR-SA\">Gracias por su confianza.<\/span><br><\/p>\t\t\t\t\t\t\t\t<\/div>\n\t\t\t\t<\/div>\n\t\t\t\t\t<\/div>\n\t\t<\/div>\n\t\t\t\t\t<\/div>\n\t\t<\/section>\n\t\t\t\t<\/div>\n\t\t","protected":false},"excerpt":{"rendered":"<p>Aviso de Privacidad Este aviso de privacidad revela las pr\u00e1cticas de privacidad para el sitio web de LIOMAR Medical Inc. (https:\/\/www.liomarmedical.com). Este aviso de privacidad se aplica solo a la informaci\u00f3n recopilada por este sitio web. Le informar\u00e1n de lo siguiente: 1.&nbsp;&nbsp;&nbsp;&nbsp;&nbsp; Qu\u00e9 informaci\u00f3n de identificaci\u00f3n personal se recopila de usted a trav\u00e9s del sitio [&hellip;]<\/p>\n","protected":false},"author":1,"featured_media":0,"parent":0,"menu_order":0,"comment_status":"closed","ping_status":"closed","template":"","meta":{"site-sidebar-layout":"no-sidebar","site-content-layout":"page-builder","ast-site-content-layout":"default","site-content-style":"default","site-sidebar-style":"default","ast-global-header-display":"","ast-banner-title-visibility":"","ast-main-header-display":"","ast-hfb-above-header-display":"","ast-hfb-below-header-display":"","ast-hfb-mobile-header-display":"","site-post-title":"disabled","ast-breadcrumbs-content":"","ast-featured-img":"disabled","footer-sml-layout":"","ast-disable-related-posts":"","theme-transparent-header-meta":"","adv-header-id-meta":"","stick-header-meta":"","header-above-stick-meta":"","header-main-stick-meta":"","header-below-stick-meta":"","astra-migrate-meta-layouts":"default","ast-page-background-enabled":"default","ast-page-background-meta":{"desktop":{"background-color":"","background-image":"","background-repeat":"repeat","background-position":"center center","background-size":"auto","background-attachment":"scroll","background-type":"","background-media":"","overlay-type":"","overlay-color":"","overlay-opacity":"","overlay-gradient":""},"tablet":{"background-color":"","background-image":"","background-repeat":"repeat","background-position":"center center","background-size":"auto","background-attachment":"scroll","background-type":"","background-media":"","overlay-type":"","overlay-color":"","overlay-opacity":"","overlay-gradient":""},"mobile":{"background-color":"","background-image":"","background-repeat":"repeat","background-position":"center center","background-size":"auto","background-attachment":"scroll","background-type":"","background-media":"","overlay-type":"","overlay-color":"","overlay-opacity":"","overlay-gradient":""}},"ast-content-background-meta":{"desktop":{"background-color":"var(--ast-global-color-5)","background-image":"","background-repeat":"repeat","background-position":"center center","background-size":"auto","background-attachment":"scroll","background-type":"","background-media":"","overlay-type":"","overlay-color":"","overlay-opacity":"","overlay-gradient":""},"tablet":{"background-color":"var(--ast-global-color-5)","background-image":"","background-repeat":"repeat","background-position":"center center","background-size":"auto","background-attachment":"scroll","background-type":"","background-media":"","overlay-type":"","overlay-color":"","overlay-opacity":"","overlay-gradient":""},"mobile":{"background-color":"var(--ast-global-color-5)","background-image":"","background-repeat":"repeat","background-position":"center center","background-size":"auto","background-attachment":"scroll","background-type":"","background-media":"","overlay-type":"","overlay-color":"","overlay-opacity":"","overlay-gradient":""}},"_metasync_otto_title":"","_metasync_otto_description":"","_metasync_otto_keywords":"","_metasync_otto_og_title":"","_metasync_otto_og_description":"","_metasync_otto_twitter_title":"","_metasync_otto_twitter_description":"","rank_math_title":"","rank_math_description":"","_yoast_wpseo_title":"","_yoast_wpseo_metadesc":"","_aioseo_title":"","_aioseo_description":"","_metasync_seo_title":"","_metasync_seo_desc":"","_metasync_otto_disabled":"","footnotes":""},"categories":[],"tags":[],"class_list":["post-4481","page","type-page","status-publish","hentry"],"_links":{"self":[{"href":"https:\/\/www.liomarmedical.com\/es\/wp-json\/wp\/v2\/pages\/4481","targetHints":{"allow":["GET"]}}],"collection":[{"href":"https:\/\/www.liomarmedical.com\/es\/wp-json\/wp\/v2\/pages"}],"about":[{"href":"https:\/\/www.liomarmedical.com\/es\/wp-json\/wp\/v2\/types\/page"}],"author":[{"embeddable":true,"href":"https:\/\/www.liomarmedical.com\/es\/wp-json\/wp\/v2\/users\/1"}],"replies":[{"embeddable":true,"href":"https:\/\/www.liomarmedical.com\/es\/wp-json\/wp\/v2\/comments?post=4481"}],"version-history":[{"count":0,"href":"https:\/\/www.liomarmedical.com\/es\/wp-json\/wp\/v2\/pages\/4481\/revisions"}],"wp:attachment":[{"href":"https:\/\/www.liomarmedical.com\/es\/wp-json\/wp\/v2\/media?parent=4481"}],"wp:term":[{"taxonomy":"category","embeddable":true,"href":"https:\/\/www.liomarmedical.com\/es\/wp-json\/wp\/v2\/categories?post=4481"},{"taxonomy":"post_tag","embeddable":true,"href":"https:\/\/www.liomarmedical.com\/es\/wp-json\/wp\/v2\/tags?post=4481"}],"curies":[{"name":"wp","href":"https:\/\/api.w.org\/{rel}","templated":true}]}}